{"id":494,"date":"2024-12-02T17:27:57","date_gmt":"2024-12-02T16:27:57","guid":{"rendered":"https:\/\/www.empacsolutions.22h10.com\/?page_id=494"},"modified":"2024-12-02T17:42:11","modified_gmt":"2024-12-02T16:42:11","slug":"le-braille","status":"publish","type":"page","link":"http:\/\/www.empacsolutions.com\/en\/le-braille\/","title":{"rendered":"Braille"},"content":{"rendered":"\t\t<div data-elementor-type=\"wp-page\" data-elementor-id=\"494\" class=\"elementor elementor-494\" data-elementor-post-type=\"page\">\n\t\t\t\t<div class=\"elementor-element elementor-element-678090b e-flex e-con-boxed e-con e-parent\" data-id=\"678090b\" data-element_type=\"container\" data-e-type=\"container\">\n\t\t\t\t\t<div class=\"e-con-inner\">\n\t\t\t\t<div class=\"elementor-element elementor-element-9c468e7 elementor-widget elementor-widget-spacer\" data-id=\"9c468e7\" data-element_type=\"widget\" data-e-type=\"widget\" data-widget_type=\"spacer.default\">\n\t\t\t\t<div class=\"elementor-widget-container\">\n\t\t\t\t\t\t\t<div class=\"elementor-spacer\">\n\t\t\t<div class=\"elementor-spacer-inner\"><\/div>\n\t\t<\/div>\n\t\t\t\t\t\t<\/div>\n\t\t\t\t<\/div>\n\t\t\t\t\t<\/div>\n\t\t\t\t<\/div>\n\t\t<div class=\"elementor-element elementor-element-924363d e-con-full e-flex e-con e-parent\" data-id=\"924363d\" data-element_type=\"container\" data-e-type=\"container\">\n\t\t<div class=\"elementor-element elementor-element-7895681 e-con-full e-flex e-con e-child\" data-id=\"7895681\" data-element_type=\"container\" data-e-type=\"container\">\n\t\t\t\t<div class=\"elementor-element elementor-element-1df65de elementor-widget elementor-widget-heading\" data-id=\"1df65de\" data-element_type=\"widget\" data-e-type=\"widget\" data-widget_type=\"heading.default\">\n\t\t\t\t<div class=\"elementor-widget-container\">\n\t\t\t\t\t<h1 class=\"elementor-heading-title elementor-size-default\">le<br><b>Braille<\/b><\/h1>\t\t\t\t<\/div>\n\t\t\t\t<\/div>\n\t\t\t\t<div class=\"elementor-element elementor-element-6bb95e1 elementor-widget-divider--view-line elementor-widget elementor-widget-divider\" data-id=\"6bb95e1\" data-element_type=\"widget\" data-e-type=\"widget\" data-widget_type=\"divider.default\">\n\t\t\t\t<div class=\"elementor-widget-container\">\n\t\t\t\t\t\t\t<div class=\"elementor-divider\">\n\t\t\t<span class=\"elementor-divider-separator\">\n\t\t\t\t\t\t<\/span>\n\t\t<\/div>\n\t\t\t\t\t\t<\/div>\n\t\t\t\t<\/div>\n\t\t\t\t<div class=\"elementor-element elementor-element-250edaa elementor-widget elementor-widget-text-editor\" data-id=\"250edaa\" data-element_type=\"widget\" data-e-type=\"widget\" data-widget_type=\"text-editor.default\">\n\t\t\t\t<div class=\"elementor-widget-container\">\n\t\t\t\t\t\t\t\t\t<p>EMPAC Solutions proposent plusieurs techniques pour appliquer les textes en braille sur le carton.<\/p>\t\t\t\t\t\t\t\t<\/div>\n\t\t\t\t<\/div>\n\t\t\t\t<\/div>\n\t\t<div class=\"elementor-element elementor-element-bcd6b9e e-con-full e-flex e-con e-child\" data-id=\"bcd6b9e\" data-element_type=\"container\" data-e-type=\"container\" data-settings=\"{&quot;background_background&quot;:&quot;classic&quot;,&quot;background_motion_fx_motion_fx_scrolling&quot;:&quot;yes&quot;,&quot;background_motion_fx_scale_effect&quot;:&quot;yes&quot;,&quot;background_motion_fx_scale_range&quot;:{&quot;unit&quot;:&quot;%&quot;,&quot;size&quot;:&quot;&quot;,&quot;sizes&quot;:{&quot;start&quot;:50,&quot;end&quot;:100}},&quot;background_motion_fx_scale_direction&quot;:&quot;out-in&quot;,&quot;background_motion_fx_scale_speed&quot;:{&quot;unit&quot;:&quot;px&quot;,&quot;size&quot;:4,&quot;sizes&quot;:[]},&quot;background_motion_fx_devices&quot;:[&quot;desktop&quot;,&quot;tablet&quot;,&quot;mobile&quot;]}\">\n\t\t\t\t<\/div>\n\t\t\t\t<\/div>\n\t\t<div class=\"elementor-element elementor-element-4c03e85 e-flex e-con-boxed e-con e-parent\" data-id=\"4c03e85\" data-element_type=\"container\" data-e-type=\"container\">\n\t\t\t\t\t<div class=\"e-con-inner\">\n\t\t\t\t<div class=\"elementor-element elementor-element-2eb4bf7 elementor-widget elementor-widget-spacer\" data-id=\"2eb4bf7\" data-element_type=\"widget\" data-e-type=\"widget\" data-widget_type=\"spacer.default\">\n\t\t\t\t<div class=\"elementor-widget-container\">\n\t\t\t\t\t\t\t<div class=\"elementor-spacer\">\n\t\t\t<div class=\"elementor-spacer-inner\"><\/div>\n\t\t<\/div>\n\t\t\t\t\t\t<\/div>\n\t\t\t\t<\/div>\n\t\t\t\t\t<\/div>\n\t\t\t\t<\/div>\n\t\t<div class=\"elementor-element elementor-element-9bdc93d e-flex e-con-boxed e-con e-parent\" data-id=\"9bdc93d\" data-element_type=\"container\" data-e-type=\"container\">\n\t\t\t\t\t<div class=\"e-con-inner\">\n\t\t<div class=\"elementor-element elementor-element-4cb25f1 e-con-full e-flex e-con e-child\" data-id=\"4cb25f1\" data-element_type=\"container\" data-e-type=\"container\">\n\t\t\t\t<div class=\"elementor-element elementor-element-ec824e7 elementor-invisible elementor-widget elementor-widget-image\" data-id=\"ec824e7\" data-element_type=\"widget\" data-e-type=\"widget\" data-settings=\"{&quot;_animation&quot;:&quot;fadeInLeft&quot;}\" data-widget_type=\"image.default\">\n\t\t\t\t<div class=\"elementor-widget-container\">\n\t\t\t\t\t\t\t\t\t\t\t\t\t\t\t<img decoding=\"async\" width=\"233\" height=\"189\" src=\"https:\/\/www.empacsolutions.com\/wp-content\/uploads\/2024\/12\/Empac-Solutions-matrices-de-braille-autocollantes-ou-magnetiques.webp\" class=\"attachment-large size-large wp-image-498\" alt=\"Empac Solutions matrices de braille autocollantes ou magn\u00e9tiques\" srcset=\"https:\/\/www.empacsolutions.com\/wp-content\/uploads\/2024\/12\/Empac-Solutions-matrices-de-braille-autocollantes-ou-magnetiques.webp 233w, https:\/\/www.empacsolutions.com\/wp-content\/uploads\/2024\/12\/Empac-Solutions-matrices-de-braille-autocollantes-ou-magnetiques-15x12.webp 15w\" sizes=\"(max-width: 233px) 100vw, 233px\" \/>\t\t\t\t\t\t\t\t\t\t\t\t\t\t\t<\/div>\n\t\t\t\t<\/div>\n\t\t\t\t<div class=\"elementor-element elementor-element-95fb0c6 elementor-widget elementor-widget-heading\" data-id=\"95fb0c6\" data-element_type=\"widget\" data-e-type=\"widget\" data-widget_type=\"heading.default\">\n\t\t\t\t<div class=\"elementor-widget-container\">\n\t\t\t\t\t<h3 class=\"elementor-heading-title elementor-size-default\">Standard<\/h3>\t\t\t\t<\/div>\n\t\t\t\t<\/div>\n\t\t\t\t<div class=\"elementor-element elementor-element-55e85a5 elementor-widget elementor-widget-text-editor\" data-id=\"55e85a5\" data-element_type=\"widget\" data-e-type=\"widget\" data-widget_type=\"text-editor.default\">\n\t\t\t\t<div class=\"elementor-widget-container\">\n\t\t\t\t\t\t\t\t\t<p>Matrices de braille autocollantes ou magn\u00e9tiques, EMPAC Solutions met \u00e0 votre service diff\u00e9rentes techniques et \u00e9conomiques.<\/p>\t\t\t\t\t\t\t\t<\/div>\n\t\t\t\t<\/div>\n\t\t\t\t<\/div>\n\t\t<div class=\"elementor-element elementor-element-dc7cf11 e-con-full e-flex e-con e-child\" data-id=\"dc7cf11\" data-element_type=\"container\" data-e-type=\"container\">\n\t\t\t\t<div class=\"elementor-element elementor-element-9cf033d elementor-invisible elementor-widget elementor-widget-image\" data-id=\"9cf033d\" data-element_type=\"widget\" data-e-type=\"widget\" data-settings=\"{&quot;_animation&quot;:&quot;fadeInLeft&quot;}\" data-widget_type=\"image.default\">\n\t\t\t\t<div class=\"elementor-widget-container\">\n\t\t\t\t\t\t\t\t\t\t\t\t\t\t\t<img decoding=\"async\" width=\"228\" height=\"178\" src=\"https:\/\/www.empacsolutions.com\/wp-content\/uploads\/2024\/12\/Empac-Solutions-propose-une-solution-Accubraille-pour-les-plieuses-colleuses.webp\" class=\"attachment-large size-large wp-image-500\" alt=\"Empac Solutions propose une solution Accubraille pour les plieuses colleuses\" srcset=\"https:\/\/www.empacsolutions.com\/wp-content\/uploads\/2024\/12\/Empac-Solutions-propose-une-solution-Accubraille-pour-les-plieuses-colleuses.webp 228w, https:\/\/www.empacsolutions.com\/wp-content\/uploads\/2024\/12\/Empac-Solutions-propose-une-solution-Accubraille-pour-les-plieuses-colleuses-15x12.webp 15w\" sizes=\"(max-width: 228px) 100vw, 228px\" \/>\t\t\t\t\t\t\t\t\t\t\t\t\t\t\t<\/div>\n\t\t\t\t<\/div>\n\t\t\t\t<div class=\"elementor-element elementor-element-7fc2b67 elementor-widget elementor-widget-heading\" data-id=\"7fc2b67\" data-element_type=\"widget\" data-e-type=\"widget\" data-widget_type=\"heading.default\">\n\t\t\t\t<div class=\"elementor-widget-container\">\n\t\t\t\t\t<h3 class=\"elementor-heading-title elementor-size-default\">Accubraille\u00ae<\/h3>\t\t\t\t<\/div>\n\t\t\t\t<\/div>\n\t\t\t\t<div class=\"elementor-element elementor-element-e905ee1 elementor-widget elementor-widget-text-editor\" data-id=\"e905ee1\" data-element_type=\"widget\" data-e-type=\"widget\" data-widget_type=\"text-editor.default\">\n\t\t\t\t<div class=\"elementor-widget-container\">\n\t\t\t\t\t\t\t\t\t<p>Solution Accubraille\u00ae pour plieuses colleuses.<\/p>\t\t\t\t\t\t\t\t<\/div>\n\t\t\t\t<\/div>\n\t\t\t\t<\/div>\n\t\t<div class=\"elementor-element elementor-element-f93eecd e-con-full e-flex e-con e-child\" data-id=\"f93eecd\" data-element_type=\"container\" data-e-type=\"container\">\n\t\t\t\t<div class=\"elementor-element elementor-element-4a2308b elementor-invisible elementor-widget elementor-widget-image\" data-id=\"4a2308b\" data-element_type=\"widget\" data-e-type=\"widget\" data-settings=\"{&quot;_animation&quot;:&quot;fadeInLeft&quot;}\" data-widget_type=\"image.default\">\n\t\t\t\t<div class=\"elementor-widget-container\">\n\t\t\t\t\t\t\t\t\t\t\t\t\t\t\t<img decoding=\"async\" width=\"227\" height=\"172\" src=\"https:\/\/www.empacsolutions.com\/wp-content\/uploads\/2024\/12\/Empac-Solutions-propose-des-blocs-de-baille-usine-en-aluminium.webp\" class=\"attachment-large size-large wp-image-499\" alt=\"Empac Solutions propose des blocs de baille usin\u00e9 en aluminium\" srcset=\"https:\/\/www.empacsolutions.com\/wp-content\/uploads\/2024\/12\/Empac-Solutions-propose-des-blocs-de-baille-usine-en-aluminium.webp 227w, https:\/\/www.empacsolutions.com\/wp-content\/uploads\/2024\/12\/Empac-Solutions-propose-des-blocs-de-baille-usine-en-aluminium-16x12.webp 16w\" sizes=\"(max-width: 227px) 100vw, 227px\" \/>\t\t\t\t\t\t\t\t\t\t\t\t\t\t\t<\/div>\n\t\t\t\t<\/div>\n\t\t\t\t<div class=\"elementor-element elementor-element-e97b5cb elementor-widget elementor-widget-heading\" data-id=\"e97b5cb\" data-element_type=\"widget\" data-e-type=\"widget\" data-widget_type=\"heading.default\">\n\t\t\t\t<div class=\"elementor-widget-container\">\n\t\t\t\t\t<h3 class=\"elementor-heading-title elementor-size-default\">en Bloc<\/h3>\t\t\t\t<\/div>\n\t\t\t\t<\/div>\n\t\t\t\t<div class=\"elementor-element elementor-element-f8e0e8b elementor-widget elementor-widget-text-editor\" data-id=\"f8e0e8b\" data-element_type=\"widget\" data-e-type=\"widget\" data-widget_type=\"text-editor.default\">\n\t\t\t\t<div class=\"elementor-widget-container\">\n\t\t\t\t\t\t\t\t\t<p>Blocs de braille, usin\u00e9s dans l\u2019aluminium (20mm), matrices en aluminium de 3,5mm ou matrices en plastique thermoform\u00e9es\u00a0; des solutions pour chaque contraintes.<\/p>\t\t\t\t\t\t\t\t<\/div>\n\t\t\t\t<\/div>\n\t\t\t\t<\/div>\n\t\t\t\t\t<\/div>\n\t\t\t\t<\/div>\n\t\t<div class=\"elementor-element elementor-element-056c324 e-con-full e-flex e-con e-parent\" data-id=\"056c324\" data-element_type=\"container\" data-e-type=\"container\" data-settings=\"{&quot;background_background&quot;:&quot;gradient&quot;}\">\n\t\t\t\t<div class=\"elementor-element elementor-element-6d3bbf6 elementor-widget-divider--view-line elementor-widget elementor-widget-divider\" data-id=\"6d3bbf6\" data-element_type=\"widget\" data-e-type=\"widget\" data-widget_type=\"divider.default\">\n\t\t\t\t<div class=\"elementor-widget-container\">\n\t\t\t\t\t\t\t<div class=\"elementor-divider\">\n\t\t\t<span class=\"elementor-divider-separator\">\n\t\t\t\t\t\t<\/span>\n\t\t<\/div>\n\t\t\t\t\t\t<\/div>\n\t\t\t\t<\/div>\n\t\t\t\t<div class=\"elementor-element elementor-element-e4ec211 elementor-widget elementor-widget-heading\" data-id=\"e4ec211\" data-element_type=\"widget\" data-e-type=\"widget\" data-widget_type=\"heading.default\">\n\t\t\t\t<div class=\"elementor-widget-container\">\n\t\t\t\t\t<h2 class=\"elementor-heading-title elementor-size-default\">Et si nous parlions<br><b>de votre projet ?<\/b><\/h2>\t\t\t\t<\/div>\n\t\t\t\t<\/div>\n\t\t\t\t<div class=\"elementor-element elementor-element-aac11e4 elementor-align-center elementor-widget elementor-widget-button\" data-id=\"aac11e4\" data-element_type=\"widget\" data-e-type=\"widget\" data-widget_type=\"button.default\">\n\t\t\t\t<div class=\"elementor-widget-container\">\n\t\t\t\t\t\t\t\t\t<div class=\"elementor-button-wrapper\">\n\t\t\t\t\t<a class=\"elementor-button elementor-button-link elementor-size-sm elementor-animation-shrink\" href=\"https:\/\/www.empacsolutions.22h10.com\/contact\/\">\n\t\t\t\t\t\t<span class=\"elementor-button-content-wrapper\">\n\t\t\t\t\t\t\t\t\t<span class=\"elementor-button-text\">Contactez-nous<\/span>\n\t\t\t\t\t<\/span>\n\t\t\t\t\t<\/a>\n\t\t\t\t<\/div>\n\t\t\t\t\t\t\t\t<\/div>\n\t\t\t\t<\/div>\n\t\t\t\t<\/div>\n\t\t\t\t<\/div>\n\t\t","protected":false},"excerpt":{"rendered":"<p>leBraille EMPAC Solutions proposent plusieurs techniques pour appliquer les textes en braille sur le carton. Standard Matrices de braille autocollantes ou magn\u00e9tiques, EMPAC Solutions met \u00e0 votre service diff\u00e9rentes techniques et \u00e9conomiques. Accubraille\u00ae Solution Accubraille\u00ae pour plieuses colleuses. en Bloc Blocs de braille, usin\u00e9s dans l\u2019aluminium (20mm), matrices en aluminium de 3,5mm ou matrices en [&hellip;]<\/p>\n","protected":false},"author":1,"featured_media":0,"parent":0,"menu_order":0,"comment_status":"closed","ping_status":"closed","template":"elementor_header_footer","meta":{"footnotes":""},"class_list":["post-494","page","type-page","status-publish","hentry"],"yoast_head":"<!-- This site is optimized with the Yoast SEO plugin v27.5 - https:\/\/yoast.com\/product\/yoast-seo-wordpress\/ -->\n<title>le Braille - Empac Solutions<\/title>\n<meta name=\"robots\" content=\"index, follow, max-snippet:-1, max-image-preview:large, max-video-preview:-1\" \/>\n<link rel=\"canonical\" href=\"https:\/\/www.empacsolutions.com\/en\/le-braille\/\" \/>\n<meta property=\"og:locale\" content=\"en_GB\" \/>\n<meta property=\"og:type\" content=\"article\" \/>\n<meta property=\"og:title\" content=\"le Braille - Empac Solutions\" \/>\n<meta property=\"og:url\" content=\"https:\/\/www.empacsolutions.com\/en\/le-braille\/\" \/>\n<meta property=\"og:site_name\" content=\"Empac Solutions\" \/>\n<meta property=\"article:publisher\" content=\"https:\/\/www.facebook.com\/empacsolutionssas\" \/>\n<meta property=\"article:modified_time\" content=\"2024-12-02T16:42:11+00:00\" \/>\n<meta property=\"og:image\" content=\"https:\/\/www.empacsolutions.22h10.com\/wp-content\/uploads\/2024\/12\/Empac-Solutions-matrices-de-braille-autocollantes-ou-magnetiques.webp\" \/>\n<meta name=\"twitter:card\" content=\"summary_large_image\" \/>\n<meta name=\"twitter:label1\" content=\"Estimated reading time\" \/>\n\t<meta name=\"twitter:data1\" content=\"1 minute\" \/>\n<script type=\"application\/ld+json\" class=\"yoast-schema-graph\">{\"@context\":\"https:\\\/\\\/schema.org\",\"@graph\":[{\"@type\":\"WebPage\",\"@id\":\"https:\\\/\\\/www.empacsolutions.com\\\/fr_fr\\\/le-braille\\\/\",\"url\":\"https:\\\/\\\/www.empacsolutions.com\\\/fr_fr\\\/le-braille\\\/\",\"name\":\"le Braille - Empac Solutions\",\"isPartOf\":{\"@id\":\"http:\\\/\\\/www.empacsolutions.com\\\/fr_fr\\\/#website\"},\"primaryImageOfPage\":{\"@id\":\"https:\\\/\\\/www.empacsolutions.com\\\/fr_fr\\\/le-braille\\\/#primaryimage\"},\"image\":{\"@id\":\"https:\\\/\\\/www.empacsolutions.com\\\/fr_fr\\\/le-braille\\\/#primaryimage\"},\"thumbnailUrl\":\"https:\\\/\\\/www.empacsolutions.22h10.com\\\/wp-content\\\/uploads\\\/2024\\\/12\\\/Empac-Solutions-matrices-de-braille-autocollantes-ou-magnetiques.webp\",\"datePublished\":\"2024-12-02T16:27:57+00:00\",\"dateModified\":\"2024-12-02T16:42:11+00:00\",\"breadcrumb\":{\"@id\":\"https:\\\/\\\/www.empacsolutions.com\\\/fr_fr\\\/le-braille\\\/#breadcrumb\"},\"inLanguage\":\"en-GB\",\"potentialAction\":[{\"@type\":\"ReadAction\",\"target\":[\"https:\\\/\\\/www.empacsolutions.com\\\/fr_fr\\\/le-braille\\\/\"]}]},{\"@type\":\"ImageObject\",\"inLanguage\":\"en-GB\",\"@id\":\"https:\\\/\\\/www.empacsolutions.com\\\/fr_fr\\\/le-braille\\\/#primaryimage\",\"url\":\"https:\\\/\\\/www.empacsolutions.22h10.com\\\/wp-content\\\/uploads\\\/2024\\\/12\\\/Empac-Solutions-matrices-de-braille-autocollantes-ou-magnetiques.webp\",\"contentUrl\":\"https:\\\/\\\/www.empacsolutions.22h10.com\\\/wp-content\\\/uploads\\\/2024\\\/12\\\/Empac-Solutions-matrices-de-braille-autocollantes-ou-magnetiques.webp\"},{\"@type\":\"BreadcrumbList\",\"@id\":\"https:\\\/\\\/www.empacsolutions.com\\\/fr_fr\\\/le-braille\\\/#breadcrumb\",\"itemListElement\":[{\"@type\":\"ListItem\",\"position\":1,\"name\":\"Accueil\",\"item\":\"https:\\\/\\\/www.empacsolutions.com\\\/\"},{\"@type\":\"ListItem\",\"position\":2,\"name\":\"le Braille\"}]},{\"@type\":\"WebSite\",\"@id\":\"http:\\\/\\\/www.empacsolutions.com\\\/fr_fr\\\/#website\",\"url\":\"http:\\\/\\\/www.empacsolutions.com\\\/fr_fr\\\/\",\"name\":\"Empac Solutions\",\"description\":\"Les outils de d\u00e9coupes de pr\u00e9cision pour l&#039;emballage\",\"publisher\":{\"@id\":\"http:\\\/\\\/www.empacsolutions.com\\\/fr_fr\\\/#organization\"},\"alternateName\":\"le sp\u00e9cialiste de vos syst\u00e8mes de d\u00e9coupes pour l'emballage\",\"potentialAction\":[{\"@type\":\"SearchAction\",\"target\":{\"@type\":\"EntryPoint\",\"urlTemplate\":\"http:\\\/\\\/www.empacsolutions.com\\\/fr_fr\\\/?s={search_term_string}\"},\"query-input\":{\"@type\":\"PropertyValueSpecification\",\"valueRequired\":true,\"valueName\":\"search_term_string\"}}],\"inLanguage\":\"en-GB\"},{\"@type\":\"Organization\",\"@id\":\"http:\\\/\\\/www.empacsolutions.com\\\/fr_fr\\\/#organization\",\"name\":\"Empac Solutions\",\"url\":\"http:\\\/\\\/www.empacsolutions.com\\\/fr_fr\\\/\",\"logo\":{\"@type\":\"ImageObject\",\"inLanguage\":\"en-GB\",\"@id\":\"http:\\\/\\\/www.empacsolutions.com\\\/fr_fr\\\/#\\\/schema\\\/logo\\\/image\\\/\",\"url\":\"https:\\\/\\\/www.empacsolutions.com\\\/wp-content\\\/uploads\\\/2024\\\/11\\\/Empac-Solutions-logo_Plan-de-travail-1.webp\",\"contentUrl\":\"https:\\\/\\\/www.empacsolutions.com\\\/wp-content\\\/uploads\\\/2024\\\/11\\\/Empac-Solutions-logo_Plan-de-travail-1.webp\",\"width\":350,\"height\":100,\"caption\":\"Empac Solutions\"},\"image\":{\"@id\":\"http:\\\/\\\/www.empacsolutions.com\\\/fr_fr\\\/#\\\/schema\\\/logo\\\/image\\\/\"},\"sameAs\":[\"https:\\\/\\\/www.facebook.com\\\/empacsolutionssas\",\"https:\\\/\\\/fr.linkedin.com\\\/company\\\/empac-solutions\",\"https:\\\/\\\/g.co\\\/kgs\\\/KLdFrQV\"]}]}<\/script>\n<!-- \/ Yoast SEO plugin. -->","yoast_head_json":{"title":"le Braille - Empac Solutions","robots":{"index":"index","follow":"follow","max-snippet":"max-snippet:-1","max-image-preview":"max-image-preview:large","max-video-preview":"max-video-preview:-1"},"canonical":"https:\/\/www.empacsolutions.com\/en\/le-braille\/","og_locale":"en_GB","og_type":"article","og_title":"le Braille - Empac Solutions","og_url":"https:\/\/www.empacsolutions.com\/en\/le-braille\/","og_site_name":"Empac Solutions","article_publisher":"https:\/\/www.facebook.com\/empacsolutionssas","article_modified_time":"2024-12-02T16:42:11+00:00","og_image":[{"url":"https:\/\/www.empacsolutions.22h10.com\/wp-content\/uploads\/2024\/12\/Empac-Solutions-matrices-de-braille-autocollantes-ou-magnetiques.webp","type":"","width":"","height":""}],"twitter_card":"summary_large_image","twitter_misc":{"Estimated reading time":"1 minute"},"schema":{"@context":"https:\/\/schema.org","@graph":[{"@type":"WebPage","@id":"https:\/\/www.empacsolutions.com\/fr_fr\/le-braille\/","url":"https:\/\/www.empacsolutions.com\/fr_fr\/le-braille\/","name":"le Braille - Empac Solutions","isPartOf":{"@id":"http:\/\/www.empacsolutions.com\/fr_fr\/#website"},"primaryImageOfPage":{"@id":"https:\/\/www.empacsolutions.com\/fr_fr\/le-braille\/#primaryimage"},"image":{"@id":"https:\/\/www.empacsolutions.com\/fr_fr\/le-braille\/#primaryimage"},"thumbnailUrl":"https:\/\/www.empacsolutions.22h10.com\/wp-content\/uploads\/2024\/12\/Empac-Solutions-matrices-de-braille-autocollantes-ou-magnetiques.webp","datePublished":"2024-12-02T16:27:57+00:00","dateModified":"2024-12-02T16:42:11+00:00","breadcrumb":{"@id":"https:\/\/www.empacsolutions.com\/fr_fr\/le-braille\/#breadcrumb"},"inLanguage":"en-GB","potentialAction":[{"@type":"ReadAction","target":["https:\/\/www.empacsolutions.com\/fr_fr\/le-braille\/"]}]},{"@type":"ImageObject","inLanguage":"en-GB","@id":"https:\/\/www.empacsolutions.com\/fr_fr\/le-braille\/#primaryimage","url":"https:\/\/www.empacsolutions.22h10.com\/wp-content\/uploads\/2024\/12\/Empac-Solutions-matrices-de-braille-autocollantes-ou-magnetiques.webp","contentUrl":"https:\/\/www.empacsolutions.22h10.com\/wp-content\/uploads\/2024\/12\/Empac-Solutions-matrices-de-braille-autocollantes-ou-magnetiques.webp"},{"@type":"BreadcrumbList","@id":"https:\/\/www.empacsolutions.com\/fr_fr\/le-braille\/#breadcrumb","itemListElement":[{"@type":"ListItem","position":1,"name":"Accueil","item":"https:\/\/www.empacsolutions.com\/"},{"@type":"ListItem","position":2,"name":"le Braille"}]},{"@type":"WebSite","@id":"http:\/\/www.empacsolutions.com\/fr_fr\/#website","url":"http:\/\/www.empacsolutions.com\/fr_fr\/","name":"Empac Solutions","description":"Les outils de d\u00e9coupes de pr\u00e9cision pour l&#039;emballage","publisher":{"@id":"http:\/\/www.empacsolutions.com\/fr_fr\/#organization"},"alternateName":"le sp\u00e9cialiste de vos syst\u00e8mes de d\u00e9coupes pour l'emballage","potentialAction":[{"@type":"SearchAction","target":{"@type":"EntryPoint","urlTemplate":"http:\/\/www.empacsolutions.com\/fr_fr\/?s={search_term_string}"},"query-input":{"@type":"PropertyValueSpecification","valueRequired":true,"valueName":"search_term_string"}}],"inLanguage":"en-GB"},{"@type":"Organization","@id":"http:\/\/www.empacsolutions.com\/fr_fr\/#organization","name":"Empac Solutions","url":"http:\/\/www.empacsolutions.com\/fr_fr\/","logo":{"@type":"ImageObject","inLanguage":"en-GB","@id":"http:\/\/www.empacsolutions.com\/fr_fr\/#\/schema\/logo\/image\/","url":"https:\/\/www.empacsolutions.com\/wp-content\/uploads\/2024\/11\/Empac-Solutions-logo_Plan-de-travail-1.webp","contentUrl":"https:\/\/www.empacsolutions.com\/wp-content\/uploads\/2024\/11\/Empac-Solutions-logo_Plan-de-travail-1.webp","width":350,"height":100,"caption":"Empac Solutions"},"image":{"@id":"http:\/\/www.empacsolutions.com\/fr_fr\/#\/schema\/logo\/image\/"},"sameAs":["https:\/\/www.facebook.com\/empacsolutionssas","https:\/\/fr.linkedin.com\/company\/empac-solutions","https:\/\/g.co\/kgs\/KLdFrQV"]}]}},"_links":{"self":[{"href":"http:\/\/www.empacsolutions.com\/en\/wp-json\/wp\/v2\/pages\/494","targetHints":{"allow":["GET"]}}],"collection":[{"href":"http:\/\/www.empacsolutions.com\/en\/wp-json\/wp\/v2\/pages"}],"about":[{"href":"http:\/\/www.empacsolutions.com\/en\/wp-json\/wp\/v2\/types\/page"}],"author":[{"embeddable":true,"href":"http:\/\/www.empacsolutions.com\/en\/wp-json\/wp\/v2\/users\/1"}],"replies":[{"embeddable":true,"href":"http:\/\/www.empacsolutions.com\/en\/wp-json\/wp\/v2\/comments?post=494"}],"version-history":[{"count":4,"href":"http:\/\/www.empacsolutions.com\/en\/wp-json\/wp\/v2\/pages\/494\/revisions"}],"predecessor-version":[{"id":503,"href":"http:\/\/www.empacsolutions.com\/en\/wp-json\/wp\/v2\/pages\/494\/revisions\/503"}],"wp:attachment":[{"href":"http:\/\/www.empacsolutions.com\/en\/wp-json\/wp\/v2\/media?parent=494"}],"curies":[{"name":"wp","href":"https:\/\/api.w.org\/{rel}","templated":true}]}}