{"id":295,"date":"2024-11-18T20:31:34","date_gmt":"2024-11-18T19:31:34","guid":{"rendered":"https:\/\/www.empacsolutions.22h10.com\/?page_id=295"},"modified":"2024-11-21T16:07:19","modified_gmt":"2024-11-21T15:07:19","slug":"les-contreparties","status":"publish","type":"page","link":"http:\/\/www.empacsolutions.com\/es\/les-contreparties\/","title":{"rendered":"Contrapartidas"},"content":{"rendered":"\t\t<div data-elementor-type=\"wp-page\" data-elementor-id=\"295\" class=\"elementor elementor-295\" data-elementor-post-type=\"page\">\n\t\t\t\t<div class=\"elementor-element elementor-element-532f479 e-flex e-con-boxed e-con e-parent\" data-id=\"532f479\" data-element_type=\"container\" data-e-type=\"container\">\n\t\t\t\t\t<div class=\"e-con-inner\">\n\t\t\t\t<div class=\"elementor-element elementor-element-4060200 elementor-widget elementor-widget-spacer\" data-id=\"4060200\" data-element_type=\"widget\" data-e-type=\"widget\" data-widget_type=\"spacer.default\">\n\t\t\t\t<div class=\"elementor-widget-container\">\n\t\t\t\t\t\t\t<div class=\"elementor-spacer\">\n\t\t\t<div class=\"elementor-spacer-inner\"><\/div>\n\t\t<\/div>\n\t\t\t\t\t\t<\/div>\n\t\t\t\t<\/div>\n\t\t\t\t\t<\/div>\n\t\t\t\t<\/div>\n\t\t<div class=\"elementor-element elementor-element-7291119 e-con-full e-flex e-con e-parent\" data-id=\"7291119\" data-element_type=\"container\" data-e-type=\"container\">\n\t\t<div class=\"elementor-element elementor-element-b628227 e-con-full e-flex e-con e-child\" data-id=\"b628227\" data-element_type=\"container\" data-e-type=\"container\">\n\t\t\t\t<div class=\"elementor-element elementor-element-0ab4e99 elementor-widget elementor-widget-heading\" data-id=\"0ab4e99\" data-element_type=\"widget\" data-e-type=\"widget\" data-widget_type=\"heading.default\">\n\t\t\t\t<div class=\"elementor-widget-container\">\n\t\t\t\t\t<h1 class=\"elementor-heading-title elementor-size-default\">les<br><b>contreparties<\/b><\/h1>\t\t\t\t<\/div>\n\t\t\t\t<\/div>\n\t\t\t\t<div class=\"elementor-element elementor-element-7780f59 elementor-widget-divider--view-line elementor-widget elementor-widget-divider\" data-id=\"7780f59\" data-element_type=\"widget\" data-e-type=\"widget\" data-widget_type=\"divider.default\">\n\t\t\t\t<div class=\"elementor-widget-container\">\n\t\t\t\t\t\t\t<div class=\"elementor-divider\">\n\t\t\t<span class=\"elementor-divider-separator\">\n\t\t\t\t\t\t<\/span>\n\t\t<\/div>\n\t\t\t\t\t\t<\/div>\n\t\t\t\t<\/div>\n\t\t\t\t<div class=\"elementor-element elementor-element-c7b1c77 elementor-widget elementor-widget-text-editor\" data-id=\"c7b1c77\" data-element_type=\"widget\" data-e-type=\"widget\" data-widget_type=\"text-editor.default\">\n\t\t\t\t<div class=\"elementor-widget-container\">\n\t\t\t\t\t\t\t\t\t<p>Que ce soit en Pertinax\u00ae\u00a0ou en acier, frais\u00e9s ou d\u00e9coup\u00e9s au laser, associ\u00e9s au gaufrage, du braille ou des contre-traces. Empac Solutions offre de hautes qualit\u00e9s de produits afin d&rsquo;obtenir le meilleur rendu sur le carton, tout en satisfaisant les besoins de productivit\u00e9.\u00a0<\/p>\t\t\t\t\t\t\t\t<\/div>\n\t\t\t\t<\/div>\n\t\t\t\t<\/div>\n\t\t<div class=\"elementor-element elementor-element-0cf9257 e-con-full e-flex e-con e-child\" data-id=\"0cf9257\" data-element_type=\"container\" data-e-type=\"container\" data-settings=\"{&quot;background_background&quot;:&quot;classic&quot;,&quot;background_motion_fx_motion_fx_scrolling&quot;:&quot;yes&quot;,&quot;background_motion_fx_scale_effect&quot;:&quot;yes&quot;,&quot;background_motion_fx_scale_range&quot;:{&quot;unit&quot;:&quot;%&quot;,&quot;size&quot;:&quot;&quot;,&quot;sizes&quot;:{&quot;start&quot;:50,&quot;end&quot;:100}},&quot;background_motion_fx_scale_direction&quot;:&quot;out-in&quot;,&quot;background_motion_fx_scale_speed&quot;:{&quot;unit&quot;:&quot;px&quot;,&quot;size&quot;:4,&quot;sizes&quot;:[]},&quot;background_motion_fx_devices&quot;:[&quot;desktop&quot;,&quot;tablet&quot;,&quot;mobile&quot;]}\">\n\t\t\t\t<\/div>\n\t\t\t\t<\/div>\n\t\t<div class=\"elementor-element elementor-element-f89d87c e-flex e-con-boxed e-con e-parent\" data-id=\"f89d87c\" data-element_type=\"container\" data-e-type=\"container\">\n\t\t\t\t\t<div class=\"e-con-inner\">\n\t\t\t\t<div class=\"elementor-element elementor-element-50a2057 elementor-widget elementor-widget-spacer\" data-id=\"50a2057\" data-element_type=\"widget\" data-e-type=\"widget\" data-widget_type=\"spacer.default\">\n\t\t\t\t<div class=\"elementor-widget-container\">\n\t\t\t\t\t\t\t<div class=\"elementor-spacer\">\n\t\t\t<div class=\"elementor-spacer-inner\"><\/div>\n\t\t<\/div>\n\t\t\t\t\t\t<\/div>\n\t\t\t\t<\/div>\n\t\t\t\t\t<\/div>\n\t\t\t\t<\/div>\n\t\t<div class=\"elementor-element elementor-element-e97188e e-flex e-con-boxed e-con e-parent\" data-id=\"e97188e\" data-element_type=\"container\" data-e-type=\"container\">\n\t\t\t\t\t<div class=\"e-con-inner\">\n\t\t<div class=\"elementor-element elementor-element-446dc4a e-con-full e-flex e-con e-child\" data-id=\"446dc4a\" data-element_type=\"container\" data-e-type=\"container\">\n\t\t\t\t<div class=\"elementor-element elementor-element-e73dfd8 elementor-invisible elementor-widget elementor-widget-image\" data-id=\"e73dfd8\" data-element_type=\"widget\" data-e-type=\"widget\" data-settings=\"{&quot;_animation&quot;:&quot;fadeInLeft&quot;}\" data-widget_type=\"image.default\">\n\t\t\t\t<div class=\"elementor-widget-container\">\n\t\t\t\t\t\t\t\t\t\t\t\t\t\t\t<img decoding=\"async\" width=\"252\" height=\"185\" src=\"https:\/\/www.empacsolutions.com\/wp-content\/uploads\/2024\/11\/Empac-Solutions-contreparties-braille.webp\" class=\"attachment-large size-large wp-image-298\" alt=\"Empac Solutions contreparties braille\" \/>\t\t\t\t\t\t\t\t\t\t\t\t\t\t\t<\/div>\n\t\t\t\t<\/div>\n\t\t\t\t<div class=\"elementor-element elementor-element-4be28dd elementor-widget elementor-widget-heading\" data-id=\"4be28dd\" data-element_type=\"widget\" data-e-type=\"widget\" data-widget_type=\"heading.default\">\n\t\t\t\t<div class=\"elementor-widget-container\">\n\t\t\t\t\t<h3 class=\"elementor-heading-title elementor-size-default\">Braille \/ Gaufrage<\/h3>\t\t\t\t<\/div>\n\t\t\t\t<\/div>\n\t\t\t\t<div class=\"elementor-element elementor-element-21aeb91 elementor-widget elementor-widget-text-editor\" data-id=\"21aeb91\" data-element_type=\"widget\" data-e-type=\"widget\" data-widget_type=\"text-editor.default\">\n\t\t\t\t<div class=\"elementor-widget-container\">\n\t\t\t\t\t\t\t\t\t<p>Plaque frais\u00e9e avec braille magn\u00e9tique, une solution rapide et fiable pour les fabricants d&rsquo;\u00e9tuis pharmaceutique. Empac Solutions sera vous conseiller sur les techniques de braille et gaufrage suivants vos applications.\u00a0<\/p>\t\t\t\t\t\t\t\t<\/div>\n\t\t\t\t<\/div>\n\t\t\t\t<\/div>\n\t\t<div class=\"elementor-element elementor-element-9e5ed5e e-con-full e-flex e-con e-child\" data-id=\"9e5ed5e\" data-element_type=\"container\" data-e-type=\"container\">\n\t\t\t\t<div class=\"elementor-element elementor-element-444a29f elementor-invisible elementor-widget elementor-widget-image\" data-id=\"444a29f\" data-element_type=\"widget\" data-e-type=\"widget\" data-settings=\"{&quot;_animation&quot;:&quot;fadeInLeft&quot;}\" data-widget_type=\"image.default\">\n\t\t\t\t<div class=\"elementor-widget-container\">\n\t\t\t\t\t\t\t\t\t\t\t\t\t\t\t<img decoding=\"async\" width=\"256\" height=\"190\" src=\"https:\/\/www.empacsolutions.com\/wp-content\/uploads\/2024\/11\/Empac-Solutions-contreparties-pertinax.webp\" class=\"attachment-large size-large wp-image-299\" alt=\"Empac Solutions contreparties pertinax\" \/>\t\t\t\t\t\t\t\t\t\t\t\t\t\t\t<\/div>\n\t\t\t\t<\/div>\n\t\t\t\t<div class=\"elementor-element elementor-element-2deedbe elementor-widget elementor-widget-heading\" data-id=\"2deedbe\" data-element_type=\"widget\" data-e-type=\"widget\" data-widget_type=\"heading.default\">\n\t\t\t\t<div class=\"elementor-widget-container\">\n\t\t\t\t\t<h3 class=\"elementor-heading-title elementor-size-default\">Pertinax\u00ae<\/h3>\t\t\t\t<\/div>\n\t\t\t\t<\/div>\n\t\t\t\t<div class=\"elementor-element elementor-element-9c78bde elementor-widget elementor-widget-text-editor\" data-id=\"9c78bde\" data-element_type=\"widget\" data-e-type=\"widget\" data-widget_type=\"text-editor.default\">\n\t\t\t\t<div class=\"elementor-widget-container\">\n\t\t\t\t\t\t\t\t\t<p>Contrepartie avec une technique de fraisage et de d\u00e9tourage Empac Solutions<\/p>\t\t\t\t\t\t\t\t<\/div>\n\t\t\t\t<\/div>\n\t\t\t\t<\/div>\n\t\t\t\t\t<\/div>\n\t\t\t\t<\/div>\n\t\t<div class=\"elementor-element elementor-element-e1f2062 e-con-full e-flex e-con e-parent\" data-id=\"e1f2062\" data-element_type=\"container\" data-e-type=\"container\" data-settings=\"{&quot;background_background&quot;:&quot;gradient&quot;}\">\n\t\t\t\t<div class=\"elementor-element elementor-element-8fac183 elementor-widget-divider--view-line elementor-widget elementor-widget-divider\" data-id=\"8fac183\" data-element_type=\"widget\" data-e-type=\"widget\" data-widget_type=\"divider.default\">\n\t\t\t\t<div class=\"elementor-widget-container\">\n\t\t\t\t\t\t\t<div class=\"elementor-divider\">\n\t\t\t<span class=\"elementor-divider-separator\">\n\t\t\t\t\t\t<\/span>\n\t\t<\/div>\n\t\t\t\t\t\t<\/div>\n\t\t\t\t<\/div>\n\t\t\t\t<div class=\"elementor-element elementor-element-fe14ab2 elementor-widget elementor-widget-heading\" data-id=\"fe14ab2\" data-element_type=\"widget\" data-e-type=\"widget\" data-widget_type=\"heading.default\">\n\t\t\t\t<div class=\"elementor-widget-container\">\n\t\t\t\t\t<h2 class=\"elementor-heading-title elementor-size-default\">Et si nous parlions<br><b>de votre projet ?<\/b><\/h2>\t\t\t\t<\/div>\n\t\t\t\t<\/div>\n\t\t\t\t<div class=\"elementor-element elementor-element-38092c9 elementor-align-center elementor-widget elementor-widget-button\" data-id=\"38092c9\" data-element_type=\"widget\" data-e-type=\"widget\" data-widget_type=\"button.default\">\n\t\t\t\t<div class=\"elementor-widget-container\">\n\t\t\t\t\t\t\t\t\t<div class=\"elementor-button-wrapper\">\n\t\t\t\t\t<a class=\"elementor-button elementor-button-link elementor-size-sm elementor-animation-shrink\" href=\"https:\/\/www.empacsolutions.22h10.com\/contact\/\">\n\t\t\t\t\t\t<span class=\"elementor-button-content-wrapper\">\n\t\t\t\t\t\t\t\t\t<span class=\"elementor-button-text\">Contactez-nous<\/span>\n\t\t\t\t\t<\/span>\n\t\t\t\t\t<\/a>\n\t\t\t\t<\/div>\n\t\t\t\t\t\t\t\t<\/div>\n\t\t\t\t<\/div>\n\t\t\t\t<\/div>\n\t\t\t\t<\/div>\n\t\t","protected":false},"excerpt":{"rendered":"<p>lescontreparties Que ce soit en Pertinax\u00ae\u00a0ou en acier, frais\u00e9s ou d\u00e9coup\u00e9s au laser, associ\u00e9s au gaufrage, du braille ou des contre-traces. Empac Solutions offre de hautes qualit\u00e9s de produits afin d&rsquo;obtenir le meilleur rendu sur le carton, tout en satisfaisant les besoins de productivit\u00e9.\u00a0 Braille \/ Gaufrage Plaque frais\u00e9e avec braille magn\u00e9tique, une solution rapide [&hellip;]<\/p>\n","protected":false},"author":1,"featured_media":0,"parent":0,"menu_order":0,"comment_status":"closed","ping_status":"closed","template":"elementor_header_footer","meta":{"footnotes":""},"class_list":["post-295","page","type-page","status-publish","hentry"],"yoast_head":"<!-- This site is optimized with the Yoast SEO plugin v27.5 - https:\/\/yoast.com\/product\/yoast-seo-wordpress\/ -->\n<title>les Contreparties - Empac Solutions<\/title>\n<meta name=\"robots\" content=\"index, follow, max-snippet:-1, max-image-preview:large, max-video-preview:-1\" \/>\n<link rel=\"canonical\" href=\"https:\/\/www.empacsolutions.com\/es\/les-contreparties\/\" \/>\n<meta property=\"og:locale\" content=\"es_ES\" \/>\n<meta property=\"og:type\" content=\"article\" \/>\n<meta property=\"og:title\" content=\"les Contreparties - Empac Solutions\" \/>\n<meta property=\"og:url\" content=\"https:\/\/www.empacsolutions.com\/es\/les-contreparties\/\" \/>\n<meta property=\"og:site_name\" content=\"Empac Solutions\" \/>\n<meta property=\"article:publisher\" content=\"https:\/\/www.facebook.com\/empacsolutionssas\" \/>\n<meta property=\"article:modified_time\" content=\"2024-11-21T15:07:19+00:00\" \/>\n<meta property=\"og:image\" content=\"https:\/\/www.empacsolutions.22h10.com\/wp-content\/uploads\/2024\/11\/Empac-Solutions-contreparties-braille.webp\" \/>\n<meta name=\"twitter:card\" content=\"summary_large_image\" \/>\n<meta name=\"twitter:label1\" content=\"Tiempo de lectura\" \/>\n\t<meta name=\"twitter:data1\" content=\"1 minuto\" \/>\n<script type=\"application\/ld+json\" class=\"yoast-schema-graph\">{\"@context\":\"https:\\\/\\\/schema.org\",\"@graph\":[{\"@type\":\"WebPage\",\"@id\":\"https:\\\/\\\/www.empacsolutions.com\\\/fr_fr\\\/les-contreparties\\\/\",\"url\":\"https:\\\/\\\/www.empacsolutions.com\\\/fr_fr\\\/les-contreparties\\\/\",\"name\":\"les Contreparties - Empac Solutions\",\"isPartOf\":{\"@id\":\"http:\\\/\\\/www.empacsolutions.com\\\/fr_fr\\\/#website\"},\"primaryImageOfPage\":{\"@id\":\"https:\\\/\\\/www.empacsolutions.com\\\/fr_fr\\\/les-contreparties\\\/#primaryimage\"},\"image\":{\"@id\":\"https:\\\/\\\/www.empacsolutions.com\\\/fr_fr\\\/les-contreparties\\\/#primaryimage\"},\"thumbnailUrl\":\"https:\\\/\\\/www.empacsolutions.22h10.com\\\/wp-content\\\/uploads\\\/2024\\\/11\\\/Empac-Solutions-contreparties-braille.webp\",\"datePublished\":\"2024-11-18T19:31:34+00:00\",\"dateModified\":\"2024-11-21T15:07:19+00:00\",\"breadcrumb\":{\"@id\":\"https:\\\/\\\/www.empacsolutions.com\\\/fr_fr\\\/les-contreparties\\\/#breadcrumb\"},\"inLanguage\":\"es\",\"potentialAction\":[{\"@type\":\"ReadAction\",\"target\":[\"https:\\\/\\\/www.empacsolutions.com\\\/fr_fr\\\/les-contreparties\\\/\"]}]},{\"@type\":\"ImageObject\",\"inLanguage\":\"es\",\"@id\":\"https:\\\/\\\/www.empacsolutions.com\\\/fr_fr\\\/les-contreparties\\\/#primaryimage\",\"url\":\"https:\\\/\\\/www.empacsolutions.22h10.com\\\/wp-content\\\/uploads\\\/2024\\\/11\\\/Empac-Solutions-contreparties-braille.webp\",\"contentUrl\":\"https:\\\/\\\/www.empacsolutions.22h10.com\\\/wp-content\\\/uploads\\\/2024\\\/11\\\/Empac-Solutions-contreparties-braille.webp\"},{\"@type\":\"BreadcrumbList\",\"@id\":\"https:\\\/\\\/www.empacsolutions.com\\\/fr_fr\\\/les-contreparties\\\/#breadcrumb\",\"itemListElement\":[{\"@type\":\"ListItem\",\"position\":1,\"name\":\"Accueil\",\"item\":\"https:\\\/\\\/www.empacsolutions.com\\\/\"},{\"@type\":\"ListItem\",\"position\":2,\"name\":\"les Contreparties\"}]},{\"@type\":\"WebSite\",\"@id\":\"http:\\\/\\\/www.empacsolutions.com\\\/fr_fr\\\/#website\",\"url\":\"http:\\\/\\\/www.empacsolutions.com\\\/fr_fr\\\/\",\"name\":\"Empac Solutions\",\"description\":\"Les outils de d\u00e9coupes de pr\u00e9cision pour l&#039;emballage\",\"publisher\":{\"@id\":\"http:\\\/\\\/www.empacsolutions.com\\\/fr_fr\\\/#organization\"},\"alternateName\":\"le sp\u00e9cialiste de vos syst\u00e8mes de d\u00e9coupes pour l'emballage\",\"potentialAction\":[{\"@type\":\"SearchAction\",\"target\":{\"@type\":\"EntryPoint\",\"urlTemplate\":\"http:\\\/\\\/www.empacsolutions.com\\\/fr_fr\\\/?s={search_term_string}\"},\"query-input\":{\"@type\":\"PropertyValueSpecification\",\"valueRequired\":true,\"valueName\":\"search_term_string\"}}],\"inLanguage\":\"es\"},{\"@type\":\"Organization\",\"@id\":\"http:\\\/\\\/www.empacsolutions.com\\\/fr_fr\\\/#organization\",\"name\":\"Empac Solutions\",\"url\":\"http:\\\/\\\/www.empacsolutions.com\\\/fr_fr\\\/\",\"logo\":{\"@type\":\"ImageObject\",\"inLanguage\":\"es\",\"@id\":\"http:\\\/\\\/www.empacsolutions.com\\\/fr_fr\\\/#\\\/schema\\\/logo\\\/image\\\/\",\"url\":\"https:\\\/\\\/www.empacsolutions.com\\\/wp-content\\\/uploads\\\/2024\\\/11\\\/Empac-Solutions-logo_Plan-de-travail-1.webp\",\"contentUrl\":\"https:\\\/\\\/www.empacsolutions.com\\\/wp-content\\\/uploads\\\/2024\\\/11\\\/Empac-Solutions-logo_Plan-de-travail-1.webp\",\"width\":350,\"height\":100,\"caption\":\"Empac Solutions\"},\"image\":{\"@id\":\"http:\\\/\\\/www.empacsolutions.com\\\/fr_fr\\\/#\\\/schema\\\/logo\\\/image\\\/\"},\"sameAs\":[\"https:\\\/\\\/www.facebook.com\\\/empacsolutionssas\",\"https:\\\/\\\/fr.linkedin.com\\\/company\\\/empac-solutions\",\"https:\\\/\\\/g.co\\\/kgs\\\/KLdFrQV\"]}]}<\/script>\n<!-- \/ Yoast SEO plugin. -->","yoast_head_json":{"title":"les Contreparties - Empac Solutions","robots":{"index":"index","follow":"follow","max-snippet":"max-snippet:-1","max-image-preview":"max-image-preview:large","max-video-preview":"max-video-preview:-1"},"canonical":"https:\/\/www.empacsolutions.com\/es\/les-contreparties\/","og_locale":"es_ES","og_type":"article","og_title":"les Contreparties - Empac Solutions","og_url":"https:\/\/www.empacsolutions.com\/es\/les-contreparties\/","og_site_name":"Empac Solutions","article_publisher":"https:\/\/www.facebook.com\/empacsolutionssas","article_modified_time":"2024-11-21T15:07:19+00:00","og_image":[{"url":"https:\/\/www.empacsolutions.22h10.com\/wp-content\/uploads\/2024\/11\/Empac-Solutions-contreparties-braille.webp","type":"","width":"","height":""}],"twitter_card":"summary_large_image","twitter_misc":{"Tiempo de lectura":"1 minuto"},"schema":{"@context":"https:\/\/schema.org","@graph":[{"@type":"WebPage","@id":"https:\/\/www.empacsolutions.com\/fr_fr\/les-contreparties\/","url":"https:\/\/www.empacsolutions.com\/fr_fr\/les-contreparties\/","name":"les Contreparties - Empac Solutions","isPartOf":{"@id":"http:\/\/www.empacsolutions.com\/fr_fr\/#website"},"primaryImageOfPage":{"@id":"https:\/\/www.empacsolutions.com\/fr_fr\/les-contreparties\/#primaryimage"},"image":{"@id":"https:\/\/www.empacsolutions.com\/fr_fr\/les-contreparties\/#primaryimage"},"thumbnailUrl":"https:\/\/www.empacsolutions.22h10.com\/wp-content\/uploads\/2024\/11\/Empac-Solutions-contreparties-braille.webp","datePublished":"2024-11-18T19:31:34+00:00","dateModified":"2024-11-21T15:07:19+00:00","breadcrumb":{"@id":"https:\/\/www.empacsolutions.com\/fr_fr\/les-contreparties\/#breadcrumb"},"inLanguage":"es","potentialAction":[{"@type":"ReadAction","target":["https:\/\/www.empacsolutions.com\/fr_fr\/les-contreparties\/"]}]},{"@type":"ImageObject","inLanguage":"es","@id":"https:\/\/www.empacsolutions.com\/fr_fr\/les-contreparties\/#primaryimage","url":"https:\/\/www.empacsolutions.22h10.com\/wp-content\/uploads\/2024\/11\/Empac-Solutions-contreparties-braille.webp","contentUrl":"https:\/\/www.empacsolutions.22h10.com\/wp-content\/uploads\/2024\/11\/Empac-Solutions-contreparties-braille.webp"},{"@type":"BreadcrumbList","@id":"https:\/\/www.empacsolutions.com\/fr_fr\/les-contreparties\/#breadcrumb","itemListElement":[{"@type":"ListItem","position":1,"name":"Accueil","item":"https:\/\/www.empacsolutions.com\/"},{"@type":"ListItem","position":2,"name":"les Contreparties"}]},{"@type":"WebSite","@id":"http:\/\/www.empacsolutions.com\/fr_fr\/#website","url":"http:\/\/www.empacsolutions.com\/fr_fr\/","name":"Soluciones Empac","description":"Les outils de d\u00e9coupes de pr\u00e9cision pour l&#039;emballage","publisher":{"@id":"http:\/\/www.empacsolutions.com\/fr_fr\/#organization"},"alternateName":"le sp\u00e9cialiste de vos syst\u00e8mes de d\u00e9coupes pour l'emballage","potentialAction":[{"@type":"SearchAction","target":{"@type":"EntryPoint","urlTemplate":"http:\/\/www.empacsolutions.com\/fr_fr\/?s={search_term_string}"},"query-input":{"@type":"PropertyValueSpecification","valueRequired":true,"valueName":"search_term_string"}}],"inLanguage":"es"},{"@type":"Organization","@id":"http:\/\/www.empacsolutions.com\/fr_fr\/#organization","name":"Soluciones Empac","url":"http:\/\/www.empacsolutions.com\/fr_fr\/","logo":{"@type":"ImageObject","inLanguage":"es","@id":"http:\/\/www.empacsolutions.com\/fr_fr\/#\/schema\/logo\/image\/","url":"https:\/\/www.empacsolutions.com\/wp-content\/uploads\/2024\/11\/Empac-Solutions-logo_Plan-de-travail-1.webp","contentUrl":"https:\/\/www.empacsolutions.com\/wp-content\/uploads\/2024\/11\/Empac-Solutions-logo_Plan-de-travail-1.webp","width":350,"height":100,"caption":"Empac Solutions"},"image":{"@id":"http:\/\/www.empacsolutions.com\/fr_fr\/#\/schema\/logo\/image\/"},"sameAs":["https:\/\/www.facebook.com\/empacsolutionssas","https:\/\/fr.linkedin.com\/company\/empac-solutions","https:\/\/g.co\/kgs\/KLdFrQV"]}]}},"_links":{"self":[{"href":"http:\/\/www.empacsolutions.com\/es\/wp-json\/wp\/v2\/pages\/295","targetHints":{"allow":["GET"]}}],"collection":[{"href":"http:\/\/www.empacsolutions.com\/es\/wp-json\/wp\/v2\/pages"}],"about":[{"href":"http:\/\/www.empacsolutions.com\/es\/wp-json\/wp\/v2\/types\/page"}],"author":[{"embeddable":true,"href":"http:\/\/www.empacsolutions.com\/es\/wp-json\/wp\/v2\/users\/1"}],"replies":[{"embeddable":true,"href":"http:\/\/www.empacsolutions.com\/es\/wp-json\/wp\/v2\/comments?post=295"}],"version-history":[{"count":10,"href":"http:\/\/www.empacsolutions.com\/es\/wp-json\/wp\/v2\/pages\/295\/revisions"}],"predecessor-version":[{"id":360,"href":"http:\/\/www.empacsolutions.com\/es\/wp-json\/wp\/v2\/pages\/295\/revisions\/360"}],"wp:attachment":[{"href":"http:\/\/www.empacsolutions.com\/es\/wp-json\/wp\/v2\/media?parent=295"}],"curies":[{"name":"wp","href":"https:\/\/api.w.org\/{rel}","templated":true}]}}