{"id":391,"date":"2024-11-21T16:59:41","date_gmt":"2024-11-21T15:59:41","guid":{"rendered":"https:\/\/www.empacsolutions.22h10.com\/?page_id=391"},"modified":"2024-11-22T10:30:12","modified_gmt":"2024-11-22T09:30:12","slug":"separation-de-poses","status":"publish","type":"page","link":"http:\/\/www.empacsolutions.com\/es\/separation-de-poses\/","title":{"rendered":"Separaci\u00f3n de instalaciones"},"content":{"rendered":"\t\t<div data-elementor-type=\"wp-page\" data-elementor-id=\"391\" class=\"elementor elementor-391\" data-elementor-post-type=\"page\">\n\t\t\t\t<div class=\"elementor-element elementor-element-bfe0bb7 e-flex e-con-boxed e-con e-parent\" data-id=\"bfe0bb7\" data-element_type=\"container\" data-e-type=\"container\">\n\t\t\t\t\t<div class=\"e-con-inner\">\n\t\t\t\t<div class=\"elementor-element elementor-element-620d5af elementor-widget elementor-widget-spacer\" data-id=\"620d5af\" data-element_type=\"widget\" data-e-type=\"widget\" data-widget_type=\"spacer.default\">\n\t\t\t\t<div class=\"elementor-widget-container\">\n\t\t\t\t\t\t\t<div class=\"elementor-spacer\">\n\t\t\t<div class=\"elementor-spacer-inner\"><\/div>\n\t\t<\/div>\n\t\t\t\t\t\t<\/div>\n\t\t\t\t<\/div>\n\t\t\t\t\t<\/div>\n\t\t\t\t<\/div>\n\t\t<div class=\"elementor-element elementor-element-f980ed7 e-con-full e-flex e-con e-parent\" data-id=\"f980ed7\" data-element_type=\"container\" data-e-type=\"container\">\n\t\t<div class=\"elementor-element elementor-element-c45bbc3 e-con-full e-flex e-con e-child\" data-id=\"c45bbc3\" data-element_type=\"container\" data-e-type=\"container\">\n\t\t\t\t<div class=\"elementor-element elementor-element-adbf772 elementor-widget__width-initial elementor-widget elementor-widget-heading\" data-id=\"adbf772\" data-element_type=\"widget\" data-e-type=\"widget\" data-widget_type=\"heading.default\">\n\t\t\t\t<div class=\"elementor-widget-container\">\n\t\t\t\t\t<h1 class=\"elementor-heading-title elementor-size-default\">Outil de<br><b>s\u00e9paration de poses<\/b><\/h1>\t\t\t\t<\/div>\n\t\t\t\t<\/div>\n\t\t\t\t<div class=\"elementor-element elementor-element-cbd8e94 elementor-widget-divider--view-line elementor-widget elementor-widget-divider\" data-id=\"cbd8e94\" data-element_type=\"widget\" data-e-type=\"widget\" data-widget_type=\"divider.default\">\n\t\t\t\t<div class=\"elementor-widget-container\">\n\t\t\t\t\t\t\t<div class=\"elementor-divider\">\n\t\t\t<span class=\"elementor-divider-separator\">\n\t\t\t\t\t\t<\/span>\n\t\t<\/div>\n\t\t\t\t\t\t<\/div>\n\t\t\t\t<\/div>\n\t\t\t\t<div class=\"elementor-element elementor-element-e8d6071 elementor-widget elementor-widget-text-editor\" data-id=\"e8d6071\" data-element_type=\"widget\" data-e-type=\"widget\" data-widget_type=\"text-editor.default\">\n\t\t\t\t<div class=\"elementor-widget-container\">\n\t\t\t\t\t\t\t\t\t<p>Empac Solutions poss\u00e8de une forte exp\u00e9rience dans les techniques de s\u00e9paration de poses et propose \u00e0 ses clients des solutions techniques et \u00e9conomiques toujrous plus pertinentes, repoussant toujours plus les limites de la faisabilit\u00e9.\u00a0<\/p>\t\t\t\t\t\t\t\t<\/div>\n\t\t\t\t<\/div>\n\t\t\t\t<\/div>\n\t\t<div class=\"elementor-element elementor-element-54e63ae e-con-full e-flex e-con e-child\" data-id=\"54e63ae\" data-element_type=\"container\" data-e-type=\"container\" data-settings=\"{&quot;background_background&quot;:&quot;classic&quot;,&quot;background_motion_fx_motion_fx_scrolling&quot;:&quot;yes&quot;,&quot;background_motion_fx_scale_effect&quot;:&quot;yes&quot;,&quot;background_motion_fx_scale_range&quot;:{&quot;unit&quot;:&quot;%&quot;,&quot;size&quot;:&quot;&quot;,&quot;sizes&quot;:{&quot;start&quot;:50,&quot;end&quot;:100}},&quot;background_motion_fx_scale_direction&quot;:&quot;out-in&quot;,&quot;background_motion_fx_scale_speed&quot;:{&quot;unit&quot;:&quot;px&quot;,&quot;size&quot;:4,&quot;sizes&quot;:[]},&quot;background_motion_fx_devices&quot;:[&quot;desktop&quot;,&quot;tablet&quot;,&quot;mobile&quot;]}\">\n\t\t\t\t<\/div>\n\t\t\t\t<\/div>\n\t\t<div class=\"elementor-element elementor-element-de64f45 e-flex e-con-boxed e-con e-parent\" data-id=\"de64f45\" data-element_type=\"container\" data-e-type=\"container\">\n\t\t\t\t\t<div class=\"e-con-inner\">\n\t\t\t\t<div class=\"elementor-element elementor-element-d424535 elementor-widget elementor-widget-spacer\" data-id=\"d424535\" data-element_type=\"widget\" data-e-type=\"widget\" data-widget_type=\"spacer.default\">\n\t\t\t\t<div class=\"elementor-widget-container\">\n\t\t\t\t\t\t\t<div class=\"elementor-spacer\">\n\t\t\t<div class=\"elementor-spacer-inner\"><\/div>\n\t\t<\/div>\n\t\t\t\t\t\t<\/div>\n\t\t\t\t<\/div>\n\t\t\t\t\t<\/div>\n\t\t\t\t<\/div>\n\t\t<div class=\"elementor-element elementor-element-4652949 e-flex e-con-boxed e-con e-parent\" data-id=\"4652949\" data-element_type=\"container\" data-e-type=\"container\">\n\t\t\t\t\t<div class=\"e-con-inner\">\n\t\t<div class=\"elementor-element elementor-element-7a7513c e-con-full e-flex e-con e-child\" data-id=\"7a7513c\" data-element_type=\"container\" data-e-type=\"container\">\n\t\t\t\t<div class=\"elementor-element elementor-element-5203a6d elementor-invisible elementor-widget elementor-widget-image\" data-id=\"5203a6d\" data-element_type=\"widget\" data-e-type=\"widget\" data-settings=\"{&quot;_animation&quot;:&quot;fadeInLeft&quot;}\" data-widget_type=\"image.default\">\n\t\t\t\t<div class=\"elementor-widget-container\">\n\t\t\t\t\t\t\t\t\t\t\t\t\t\t\t<img decoding=\"async\" width=\"250\" height=\"173\" src=\"https:\/\/www.empacsolutions.com\/wp-content\/uploads\/2024\/11\/Empac-Solutions-presse-feuille-pour-separateur-de-poses.webp\" class=\"attachment-large size-large wp-image-396\" alt=\"Empac Solutions presse feuille pour s\u00e9parateur de poses\" \/>\t\t\t\t\t\t\t\t\t\t\t\t\t\t\t<\/div>\n\t\t\t\t<\/div>\n\t\t\t\t<div class=\"elementor-element elementor-element-841aad5 elementor-widget elementor-widget-heading\" data-id=\"841aad5\" data-element_type=\"widget\" data-e-type=\"widget\" data-widget_type=\"heading.default\">\n\t\t\t\t<div class=\"elementor-widget-container\">\n\t\t\t\t\t<h3 class=\"elementor-heading-title elementor-size-default\">Presse feuille<\/h3>\t\t\t\t<\/div>\n\t\t\t\t<\/div>\n\t\t\t\t<div class=\"elementor-element elementor-element-835aaca elementor-widget elementor-widget-text-editor\" data-id=\"835aaca\" data-element_type=\"widget\" data-e-type=\"widget\" data-widget_type=\"text-editor.default\">\n\t\t\t\t<div class=\"elementor-widget-container\">\n\t\t\t\t\t\t\t\t\t<p>S\u00e9parateur male avec presse feuille Empac Solutions.<\/p>\t\t\t\t\t\t\t\t<\/div>\n\t\t\t\t<\/div>\n\t\t\t\t<\/div>\n\t\t<div class=\"elementor-element elementor-element-922d4b2 e-con-full e-flex e-con e-child\" data-id=\"922d4b2\" data-element_type=\"container\" data-e-type=\"container\">\n\t\t\t\t<div class=\"elementor-element elementor-element-658984e elementor-invisible elementor-widget elementor-widget-image\" data-id=\"658984e\" data-element_type=\"widget\" data-e-type=\"widget\" data-settings=\"{&quot;_animation&quot;:&quot;fadeInLeft&quot;}\" data-widget_type=\"image.default\">\n\t\t\t\t<div class=\"elementor-widget-container\">\n\t\t\t\t\t\t\t\t\t\t\t\t\t\t\t<img decoding=\"async\" width=\"255\" height=\"162\" src=\"https:\/\/www.empacsolutions.com\/wp-content\/uploads\/2024\/11\/Empac-Solutions-presseurs-point-pour-separateur-de-poses.webp\" class=\"attachment-large size-large wp-image-397\" alt=\"Empac Solutions presseurs point pour s\u00e9parateur de poses\" \/>\t\t\t\t\t\t\t\t\t\t\t\t\t\t\t<\/div>\n\t\t\t\t<\/div>\n\t\t\t\t<div class=\"elementor-element elementor-element-e9b7a43 elementor-widget elementor-widget-heading\" data-id=\"e9b7a43\" data-element_type=\"widget\" data-e-type=\"widget\" data-widget_type=\"heading.default\">\n\t\t\t\t<div class=\"elementor-widget-container\">\n\t\t\t\t\t<h3 class=\"elementor-heading-title elementor-size-default\">Presseurs points<\/h3>\t\t\t\t<\/div>\n\t\t\t\t<\/div>\n\t\t\t\t<div class=\"elementor-element elementor-element-4640559 elementor-widget elementor-widget-text-editor\" data-id=\"4640559\" data-element_type=\"widget\" data-e-type=\"widget\" data-widget_type=\"text-editor.default\">\n\t\t\t\t<div class=\"elementor-widget-container\">\n\t\t\t\t\t\t\t\t\t<p>S\u00e9parateur male avec presseurs points Empac Solutions.<\/p>\t\t\t\t\t\t\t\t<\/div>\n\t\t\t\t<\/div>\n\t\t\t\t<\/div>\n\t\t<div class=\"elementor-element elementor-element-c7470bd e-con-full e-flex e-con e-child\" data-id=\"c7470bd\" data-element_type=\"container\" data-e-type=\"container\">\n\t\t\t\t<div class=\"elementor-element elementor-element-77e0466 elementor-invisible elementor-widget elementor-widget-image\" data-id=\"77e0466\" data-element_type=\"widget\" data-e-type=\"widget\" data-settings=\"{&quot;_animation&quot;:&quot;fadeInLeft&quot;}\" data-widget_type=\"image.default\">\n\t\t\t\t<div class=\"elementor-widget-container\">\n\t\t\t\t\t\t\t\t\t\t\t\t\t\t\t<img decoding=\"async\" width=\"253\" height=\"167\" src=\"https:\/\/www.empacsolutions.com\/wp-content\/uploads\/2024\/11\/Empac-Solutions-sepateurs-inferieurs-STEP-pour-separateur-de-poses.webp\" class=\"attachment-large size-large wp-image-398\" alt=\"Empac Solutions s\u00e9pateurs inf\u00e9rieurs STEP pour s\u00e9parateur de poses\" \/>\t\t\t\t\t\t\t\t\t\t\t\t\t\t\t<\/div>\n\t\t\t\t<\/div>\n\t\t\t\t<div class=\"elementor-element elementor-element-47e111e elementor-widget elementor-widget-heading\" data-id=\"47e111e\" data-element_type=\"widget\" data-e-type=\"widget\" data-widget_type=\"heading.default\">\n\t\t\t\t<div class=\"elementor-widget-container\">\n\t\t\t\t\t<h3 class=\"elementor-heading-title elementor-size-default\">S\u00e9parateur femelle<\/h3>\t\t\t\t<\/div>\n\t\t\t\t<\/div>\n\t\t\t\t<div class=\"elementor-element elementor-element-8d892d7 elementor-widget elementor-widget-text-editor\" data-id=\"8d892d7\" data-element_type=\"widget\" data-e-type=\"widget\" data-widget_type=\"text-editor.default\">\n\t\t\t\t<div class=\"elementor-widget-container\">\n\t\t\t\t\t\t\t\t\t<p>Empac Solutions fabrique d&rsquo;autres types de s\u00e9parateurs inf\u00e9rieurs : en acier, en bois, Empac Step, etc.\u00a0<br \/>Chaque besoin du client doit avoir une solution technique.<\/p>\t\t\t\t\t\t\t\t<\/div>\n\t\t\t\t<\/div>\n\t\t\t\t<\/div>\n\t\t\t\t\t<\/div>\n\t\t\t\t<\/div>\n\t\t<div class=\"elementor-element elementor-element-fc1f572 e-con-full e-flex e-con e-parent\" data-id=\"fc1f572\" data-element_type=\"container\" data-e-type=\"container\" data-settings=\"{&quot;background_background&quot;:&quot;gradient&quot;}\">\n\t\t\t\t<div class=\"elementor-element elementor-element-971d428 elementor-widget-divider--view-line elementor-widget elementor-widget-divider\" data-id=\"971d428\" data-element_type=\"widget\" data-e-type=\"widget\" data-widget_type=\"divider.default\">\n\t\t\t\t<div class=\"elementor-widget-container\">\n\t\t\t\t\t\t\t<div class=\"elementor-divider\">\n\t\t\t<span class=\"elementor-divider-separator\">\n\t\t\t\t\t\t<\/span>\n\t\t<\/div>\n\t\t\t\t\t\t<\/div>\n\t\t\t\t<\/div>\n\t\t\t\t<div class=\"elementor-element elementor-element-8d3e83c elementor-widget elementor-widget-heading\" data-id=\"8d3e83c\" data-element_type=\"widget\" data-e-type=\"widget\" data-widget_type=\"heading.default\">\n\t\t\t\t<div class=\"elementor-widget-container\">\n\t\t\t\t\t<h2 class=\"elementor-heading-title elementor-size-default\">Et si nous parlions<br><b>de votre projet ?<\/b><\/h2>\t\t\t\t<\/div>\n\t\t\t\t<\/div>\n\t\t\t\t<div class=\"elementor-element elementor-element-abe6416 elementor-align-center elementor-widget elementor-widget-button\" data-id=\"abe6416\" data-element_type=\"widget\" data-e-type=\"widget\" data-widget_type=\"button.default\">\n\t\t\t\t<div class=\"elementor-widget-container\">\n\t\t\t\t\t\t\t\t\t<div class=\"elementor-button-wrapper\">\n\t\t\t\t\t<a class=\"elementor-button elementor-button-link elementor-size-sm elementor-animation-shrink\" href=\"https:\/\/www.empacsolutions.22h10.com\/contact\/\">\n\t\t\t\t\t\t<span class=\"elementor-button-content-wrapper\">\n\t\t\t\t\t\t\t\t\t<span class=\"elementor-button-text\">Contactez-nous<\/span>\n\t\t\t\t\t<\/span>\n\t\t\t\t\t<\/a>\n\t\t\t\t<\/div>\n\t\t\t\t\t\t\t\t<\/div>\n\t\t\t\t<\/div>\n\t\t\t\t<\/div>\n\t\t\t\t<\/div>\n\t\t","protected":false},"excerpt":{"rendered":"<p>Outil des\u00e9paration de poses Empac Solutions poss\u00e8de une forte exp\u00e9rience dans les techniques de s\u00e9paration de poses et propose \u00e0 ses clients des solutions techniques et \u00e9conomiques toujrous plus pertinentes, repoussant toujours plus les limites de la faisabilit\u00e9.\u00a0 Presse feuille S\u00e9parateur male avec presse feuille Empac Solutions. Presseurs points S\u00e9parateur male avec presseurs points Empac [&hellip;]<\/p>\n","protected":false},"author":1,"featured_media":0,"parent":0,"menu_order":0,"comment_status":"closed","ping_status":"closed","template":"elementor_header_footer","meta":{"footnotes":""},"class_list":["post-391","page","type-page","status-publish","hentry"],"yoast_head":"<!-- This site is optimized with the Yoast SEO plugin v27.5 - https:\/\/yoast.com\/product\/yoast-seo-wordpress\/ -->\n<title>S\u00e9paration de poses - Empac Solutions<\/title>\n<meta name=\"robots\" content=\"index, follow, max-snippet:-1, max-image-preview:large, max-video-preview:-1\" \/>\n<link rel=\"canonical\" href=\"https:\/\/www.empacsolutions.com\/es\/separation-de-poses\/\" \/>\n<meta property=\"og:locale\" content=\"es_ES\" \/>\n<meta property=\"og:type\" content=\"article\" \/>\n<meta property=\"og:title\" content=\"S\u00e9paration de poses - Empac Solutions\" \/>\n<meta property=\"og:url\" content=\"https:\/\/www.empacsolutions.com\/es\/separation-de-poses\/\" \/>\n<meta property=\"og:site_name\" content=\"Empac Solutions\" \/>\n<meta property=\"article:publisher\" content=\"https:\/\/www.facebook.com\/empacsolutionssas\" \/>\n<meta property=\"article:modified_time\" content=\"2024-11-22T09:30:12+00:00\" \/>\n<meta property=\"og:image\" content=\"https:\/\/www.empacsolutions.22h10.com\/wp-content\/uploads\/2024\/11\/Empac-Solutions-presse-feuille-pour-separateur-de-poses.webp\" \/>\n<meta name=\"twitter:card\" content=\"summary_large_image\" \/>\n<meta name=\"twitter:label1\" content=\"Tiempo de lectura\" \/>\n\t<meta name=\"twitter:data1\" content=\"2 minutos\" \/>\n<script type=\"application\/ld+json\" class=\"yoast-schema-graph\">{\"@context\":\"https:\\\/\\\/schema.org\",\"@graph\":[{\"@type\":\"WebPage\",\"@id\":\"https:\\\/\\\/www.empacsolutions.com\\\/fr_fr\\\/separation-de-poses\\\/\",\"url\":\"https:\\\/\\\/www.empacsolutions.com\\\/fr_fr\\\/separation-de-poses\\\/\",\"name\":\"S\u00e9paration de poses - Empac Solutions\",\"isPartOf\":{\"@id\":\"http:\\\/\\\/www.empacsolutions.com\\\/fr_fr\\\/#website\"},\"primaryImageOfPage\":{\"@id\":\"https:\\\/\\\/www.empacsolutions.com\\\/fr_fr\\\/separation-de-poses\\\/#primaryimage\"},\"image\":{\"@id\":\"https:\\\/\\\/www.empacsolutions.com\\\/fr_fr\\\/separation-de-poses\\\/#primaryimage\"},\"thumbnailUrl\":\"https:\\\/\\\/www.empacsolutions.22h10.com\\\/wp-content\\\/uploads\\\/2024\\\/11\\\/Empac-Solutions-presse-feuille-pour-separateur-de-poses.webp\",\"datePublished\":\"2024-11-21T15:59:41+00:00\",\"dateModified\":\"2024-11-22T09:30:12+00:00\",\"breadcrumb\":{\"@id\":\"https:\\\/\\\/www.empacsolutions.com\\\/fr_fr\\\/separation-de-poses\\\/#breadcrumb\"},\"inLanguage\":\"es\",\"potentialAction\":[{\"@type\":\"ReadAction\",\"target\":[\"https:\\\/\\\/www.empacsolutions.com\\\/fr_fr\\\/separation-de-poses\\\/\"]}]},{\"@type\":\"ImageObject\",\"inLanguage\":\"es\",\"@id\":\"https:\\\/\\\/www.empacsolutions.com\\\/fr_fr\\\/separation-de-poses\\\/#primaryimage\",\"url\":\"https:\\\/\\\/www.empacsolutions.22h10.com\\\/wp-content\\\/uploads\\\/2024\\\/11\\\/Empac-Solutions-presse-feuille-pour-separateur-de-poses.webp\",\"contentUrl\":\"https:\\\/\\\/www.empacsolutions.22h10.com\\\/wp-content\\\/uploads\\\/2024\\\/11\\\/Empac-Solutions-presse-feuille-pour-separateur-de-poses.webp\"},{\"@type\":\"BreadcrumbList\",\"@id\":\"https:\\\/\\\/www.empacsolutions.com\\\/fr_fr\\\/separation-de-poses\\\/#breadcrumb\",\"itemListElement\":[{\"@type\":\"ListItem\",\"position\":1,\"name\":\"Accueil\",\"item\":\"https:\\\/\\\/www.empacsolutions.com\\\/\"},{\"@type\":\"ListItem\",\"position\":2,\"name\":\"S\u00e9paration de poses\"}]},{\"@type\":\"WebSite\",\"@id\":\"http:\\\/\\\/www.empacsolutions.com\\\/fr_fr\\\/#website\",\"url\":\"http:\\\/\\\/www.empacsolutions.com\\\/fr_fr\\\/\",\"name\":\"Empac Solutions\",\"description\":\"Les outils de d\u00e9coupes de pr\u00e9cision pour l&#039;emballage\",\"publisher\":{\"@id\":\"http:\\\/\\\/www.empacsolutions.com\\\/fr_fr\\\/#organization\"},\"alternateName\":\"le sp\u00e9cialiste de vos syst\u00e8mes de d\u00e9coupes pour l'emballage\",\"potentialAction\":[{\"@type\":\"SearchAction\",\"target\":{\"@type\":\"EntryPoint\",\"urlTemplate\":\"http:\\\/\\\/www.empacsolutions.com\\\/fr_fr\\\/?s={search_term_string}\"},\"query-input\":{\"@type\":\"PropertyValueSpecification\",\"valueRequired\":true,\"valueName\":\"search_term_string\"}}],\"inLanguage\":\"es\"},{\"@type\":\"Organization\",\"@id\":\"http:\\\/\\\/www.empacsolutions.com\\\/fr_fr\\\/#organization\",\"name\":\"Empac Solutions\",\"url\":\"http:\\\/\\\/www.empacsolutions.com\\\/fr_fr\\\/\",\"logo\":{\"@type\":\"ImageObject\",\"inLanguage\":\"es\",\"@id\":\"http:\\\/\\\/www.empacsolutions.com\\\/fr_fr\\\/#\\\/schema\\\/logo\\\/image\\\/\",\"url\":\"https:\\\/\\\/www.empacsolutions.com\\\/wp-content\\\/uploads\\\/2024\\\/11\\\/Empac-Solutions-logo_Plan-de-travail-1.webp\",\"contentUrl\":\"https:\\\/\\\/www.empacsolutions.com\\\/wp-content\\\/uploads\\\/2024\\\/11\\\/Empac-Solutions-logo_Plan-de-travail-1.webp\",\"width\":350,\"height\":100,\"caption\":\"Empac Solutions\"},\"image\":{\"@id\":\"http:\\\/\\\/www.empacsolutions.com\\\/fr_fr\\\/#\\\/schema\\\/logo\\\/image\\\/\"},\"sameAs\":[\"https:\\\/\\\/www.facebook.com\\\/empacsolutionssas\",\"https:\\\/\\\/fr.linkedin.com\\\/company\\\/empac-solutions\",\"https:\\\/\\\/g.co\\\/kgs\\\/KLdFrQV\"]}]}<\/script>\n<!-- \/ Yoast SEO plugin. -->","yoast_head_json":{"title":"S\u00e9paration de poses - Empac Solutions","robots":{"index":"index","follow":"follow","max-snippet":"max-snippet:-1","max-image-preview":"max-image-preview:large","max-video-preview":"max-video-preview:-1"},"canonical":"https:\/\/www.empacsolutions.com\/es\/separation-de-poses\/","og_locale":"es_ES","og_type":"article","og_title":"S\u00e9paration de poses - Empac Solutions","og_url":"https:\/\/www.empacsolutions.com\/es\/separation-de-poses\/","og_site_name":"Empac Solutions","article_publisher":"https:\/\/www.facebook.com\/empacsolutionssas","article_modified_time":"2024-11-22T09:30:12+00:00","og_image":[{"url":"https:\/\/www.empacsolutions.22h10.com\/wp-content\/uploads\/2024\/11\/Empac-Solutions-presse-feuille-pour-separateur-de-poses.webp","type":"","width":"","height":""}],"twitter_card":"summary_large_image","twitter_misc":{"Tiempo de lectura":"2 minutos"},"schema":{"@context":"https:\/\/schema.org","@graph":[{"@type":"WebPage","@id":"https:\/\/www.empacsolutions.com\/fr_fr\/separation-de-poses\/","url":"https:\/\/www.empacsolutions.com\/fr_fr\/separation-de-poses\/","name":"S\u00e9paration de poses - Empac Solutions","isPartOf":{"@id":"http:\/\/www.empacsolutions.com\/fr_fr\/#website"},"primaryImageOfPage":{"@id":"https:\/\/www.empacsolutions.com\/fr_fr\/separation-de-poses\/#primaryimage"},"image":{"@id":"https:\/\/www.empacsolutions.com\/fr_fr\/separation-de-poses\/#primaryimage"},"thumbnailUrl":"https:\/\/www.empacsolutions.22h10.com\/wp-content\/uploads\/2024\/11\/Empac-Solutions-presse-feuille-pour-separateur-de-poses.webp","datePublished":"2024-11-21T15:59:41+00:00","dateModified":"2024-11-22T09:30:12+00:00","breadcrumb":{"@id":"https:\/\/www.empacsolutions.com\/fr_fr\/separation-de-poses\/#breadcrumb"},"inLanguage":"es","potentialAction":[{"@type":"ReadAction","target":["https:\/\/www.empacsolutions.com\/fr_fr\/separation-de-poses\/"]}]},{"@type":"ImageObject","inLanguage":"es","@id":"https:\/\/www.empacsolutions.com\/fr_fr\/separation-de-poses\/#primaryimage","url":"https:\/\/www.empacsolutions.22h10.com\/wp-content\/uploads\/2024\/11\/Empac-Solutions-presse-feuille-pour-separateur-de-poses.webp","contentUrl":"https:\/\/www.empacsolutions.22h10.com\/wp-content\/uploads\/2024\/11\/Empac-Solutions-presse-feuille-pour-separateur-de-poses.webp"},{"@type":"BreadcrumbList","@id":"https:\/\/www.empacsolutions.com\/fr_fr\/separation-de-poses\/#breadcrumb","itemListElement":[{"@type":"ListItem","position":1,"name":"Accueil","item":"https:\/\/www.empacsolutions.com\/"},{"@type":"ListItem","position":2,"name":"S\u00e9paration de poses"}]},{"@type":"WebSite","@id":"http:\/\/www.empacsolutions.com\/fr_fr\/#website","url":"http:\/\/www.empacsolutions.com\/fr_fr\/","name":"Soluciones Empac","description":"Les outils de d\u00e9coupes de pr\u00e9cision pour l&#039;emballage","publisher":{"@id":"http:\/\/www.empacsolutions.com\/fr_fr\/#organization"},"alternateName":"le sp\u00e9cialiste de vos syst\u00e8mes de d\u00e9coupes pour l'emballage","potentialAction":[{"@type":"SearchAction","target":{"@type":"EntryPoint","urlTemplate":"http:\/\/www.empacsolutions.com\/fr_fr\/?s={search_term_string}"},"query-input":{"@type":"PropertyValueSpecification","valueRequired":true,"valueName":"search_term_string"}}],"inLanguage":"es"},{"@type":"Organization","@id":"http:\/\/www.empacsolutions.com\/fr_fr\/#organization","name":"Soluciones Empac","url":"http:\/\/www.empacsolutions.com\/fr_fr\/","logo":{"@type":"ImageObject","inLanguage":"es","@id":"http:\/\/www.empacsolutions.com\/fr_fr\/#\/schema\/logo\/image\/","url":"https:\/\/www.empacsolutions.com\/wp-content\/uploads\/2024\/11\/Empac-Solutions-logo_Plan-de-travail-1.webp","contentUrl":"https:\/\/www.empacsolutions.com\/wp-content\/uploads\/2024\/11\/Empac-Solutions-logo_Plan-de-travail-1.webp","width":350,"height":100,"caption":"Empac Solutions"},"image":{"@id":"http:\/\/www.empacsolutions.com\/fr_fr\/#\/schema\/logo\/image\/"},"sameAs":["https:\/\/www.facebook.com\/empacsolutionssas","https:\/\/fr.linkedin.com\/company\/empac-solutions","https:\/\/g.co\/kgs\/KLdFrQV"]}]}},"_links":{"self":[{"href":"http:\/\/www.empacsolutions.com\/es\/wp-json\/wp\/v2\/pages\/391","targetHints":{"allow":["GET"]}}],"collection":[{"href":"http:\/\/www.empacsolutions.com\/es\/wp-json\/wp\/v2\/pages"}],"about":[{"href":"http:\/\/www.empacsolutions.com\/es\/wp-json\/wp\/v2\/types\/page"}],"author":[{"embeddable":true,"href":"http:\/\/www.empacsolutions.com\/es\/wp-json\/wp\/v2\/users\/1"}],"replies":[{"embeddable":true,"href":"http:\/\/www.empacsolutions.com\/es\/wp-json\/wp\/v2\/comments?post=391"}],"version-history":[{"count":13,"href":"http:\/\/www.empacsolutions.com\/es\/wp-json\/wp\/v2\/pages\/391\/revisions"}],"predecessor-version":[{"id":459,"href":"http:\/\/www.empacsolutions.com\/es\/wp-json\/wp\/v2\/pages\/391\/revisions\/459"}],"wp:attachment":[{"href":"http:\/\/www.empacsolutions.com\/es\/wp-json\/wp\/v2\/media?parent=391"}],"curies":[{"name":"wp","href":"https:\/\/api.w.org\/{rel}","templated":true}]}}