{"id":527,"date":"2024-12-02T18:05:21","date_gmt":"2024-12-02T17:05:21","guid":{"rendered":"https:\/\/www.empacsolutions.22h10.com\/?page_id=527"},"modified":"2024-12-02T18:13:04","modified_gmt":"2024-12-02T17:13:04","slug":"gaufrage-et-dorure","status":"publish","type":"page","link":"http:\/\/www.empacsolutions.com\/es\/gaufrage-et-dorure\/","title":{"rendered":"Grabado en relieve y dorado"},"content":{"rendered":"\t\t<div data-elementor-type=\"wp-page\" data-elementor-id=\"527\" class=\"elementor elementor-527\" data-elementor-post-type=\"page\">\n\t\t\t\t<div class=\"elementor-element elementor-element-4d77e3c e-flex e-con-boxed e-con e-parent\" data-id=\"4d77e3c\" data-element_type=\"container\" data-e-type=\"container\">\n\t\t\t\t\t<div class=\"e-con-inner\">\n\t\t\t\t<div class=\"elementor-element elementor-element-801fae2 elementor-widget elementor-widget-spacer\" data-id=\"801fae2\" data-element_type=\"widget\" data-e-type=\"widget\" data-widget_type=\"spacer.default\">\n\t\t\t\t<div class=\"elementor-widget-container\">\n\t\t\t\t\t\t\t<div class=\"elementor-spacer\">\n\t\t\t<div class=\"elementor-spacer-inner\"><\/div>\n\t\t<\/div>\n\t\t\t\t\t\t<\/div>\n\t\t\t\t<\/div>\n\t\t\t\t\t<\/div>\n\t\t\t\t<\/div>\n\t\t<div class=\"elementor-element elementor-element-63873fa e-con-full e-flex e-con e-parent\" data-id=\"63873fa\" data-element_type=\"container\" data-e-type=\"container\">\n\t\t<div class=\"elementor-element elementor-element-fce17d5 e-con-full e-flex e-con e-child\" data-id=\"fce17d5\" data-element_type=\"container\" data-e-type=\"container\">\n\t\t\t\t<div class=\"elementor-element elementor-element-1e6f5d0 elementor-widget elementor-widget-heading\" data-id=\"1e6f5d0\" data-element_type=\"widget\" data-e-type=\"widget\" data-widget_type=\"heading.default\">\n\t\t\t\t<div class=\"elementor-widget-container\">\n\t\t\t\t\t<h1 class=\"elementor-heading-title elementor-size-default\">Gaufrage<br><b>et dorure<\/b><\/h1>\t\t\t\t<\/div>\n\t\t\t\t<\/div>\n\t\t\t\t<div class=\"elementor-element elementor-element-66f7870 elementor-widget-divider--view-line elementor-widget elementor-widget-divider\" data-id=\"66f7870\" data-element_type=\"widget\" data-e-type=\"widget\" data-widget_type=\"divider.default\">\n\t\t\t\t<div class=\"elementor-widget-container\">\n\t\t\t\t\t\t\t<div class=\"elementor-divider\">\n\t\t\t<span class=\"elementor-divider-separator\">\n\t\t\t\t\t\t<\/span>\n\t\t<\/div>\n\t\t\t\t\t\t<\/div>\n\t\t\t\t<\/div>\n\t\t\t\t<div class=\"elementor-element elementor-element-f5ac471 elementor-widget elementor-widget-text-editor\" data-id=\"f5ac471\" data-element_type=\"widget\" data-e-type=\"widget\" data-widget_type=\"text-editor.default\">\n\t\t\t\t<div class=\"elementor-widget-container\">\n\t\t\t\t\t\t\t\t\t<p>Empac Solutions propose des solutions techniques de gaufrage pour les clients du luxe.<\/p>\t\t\t\t\t\t\t\t<\/div>\n\t\t\t\t<\/div>\n\t\t\t\t<\/div>\n\t\t<div class=\"elementor-element elementor-element-cbdf96b e-con-full e-flex e-con e-child\" data-id=\"cbdf96b\" data-element_type=\"container\" data-e-type=\"container\" data-settings=\"{&quot;background_background&quot;:&quot;classic&quot;,&quot;background_motion_fx_motion_fx_scrolling&quot;:&quot;yes&quot;,&quot;background_motion_fx_scale_effect&quot;:&quot;yes&quot;,&quot;background_motion_fx_scale_range&quot;:{&quot;unit&quot;:&quot;%&quot;,&quot;size&quot;:&quot;&quot;,&quot;sizes&quot;:{&quot;start&quot;:50,&quot;end&quot;:100}},&quot;background_motion_fx_scale_direction&quot;:&quot;out-in&quot;,&quot;background_motion_fx_scale_speed&quot;:{&quot;unit&quot;:&quot;px&quot;,&quot;size&quot;:4,&quot;sizes&quot;:[]},&quot;background_motion_fx_devices&quot;:[&quot;desktop&quot;,&quot;tablet&quot;,&quot;mobile&quot;]}\">\n\t\t\t\t<\/div>\n\t\t\t\t<\/div>\n\t\t<div class=\"elementor-element elementor-element-0d8f4fe e-flex e-con-boxed e-con e-parent\" data-id=\"0d8f4fe\" data-element_type=\"container\" data-e-type=\"container\">\n\t\t\t\t\t<div class=\"e-con-inner\">\n\t\t\t\t<div class=\"elementor-element elementor-element-31047e1 elementor-widget elementor-widget-spacer\" data-id=\"31047e1\" data-element_type=\"widget\" data-e-type=\"widget\" data-widget_type=\"spacer.default\">\n\t\t\t\t<div class=\"elementor-widget-container\">\n\t\t\t\t\t\t\t<div class=\"elementor-spacer\">\n\t\t\t<div class=\"elementor-spacer-inner\"><\/div>\n\t\t<\/div>\n\t\t\t\t\t\t<\/div>\n\t\t\t\t<\/div>\n\t\t\t\t\t<\/div>\n\t\t\t\t<\/div>\n\t\t<div class=\"elementor-element elementor-element-d1d686b e-flex e-con-boxed e-con e-parent\" data-id=\"d1d686b\" data-element_type=\"container\" data-e-type=\"container\">\n\t\t\t\t\t<div class=\"e-con-inner\">\n\t\t\t\t<div class=\"elementor-element elementor-element-f26bc94 elementor-widget elementor-widget-gallery\" data-id=\"f26bc94\" data-element_type=\"widget\" data-e-type=\"widget\" data-settings=\"{&quot;overlay_title&quot;:&quot;title&quot;,&quot;lazyload&quot;:&quot;yes&quot;,&quot;gallery_layout&quot;:&quot;grid&quot;,&quot;columns&quot;:4,&quot;columns_tablet&quot;:2,&quot;columns_mobile&quot;:1,&quot;gap&quot;:{&quot;unit&quot;:&quot;px&quot;,&quot;size&quot;:10,&quot;sizes&quot;:[]},&quot;gap_tablet&quot;:{&quot;unit&quot;:&quot;px&quot;,&quot;size&quot;:10,&quot;sizes&quot;:[]},&quot;gap_mobile&quot;:{&quot;unit&quot;:&quot;px&quot;,&quot;size&quot;:10,&quot;sizes&quot;:[]},&quot;link_to&quot;:&quot;file&quot;,&quot;aspect_ratio&quot;:&quot;3:2&quot;,&quot;overlay_background&quot;:&quot;yes&quot;,&quot;content_hover_animation&quot;:&quot;fade-in&quot;}\" data-widget_type=\"gallery.default\">\n\t\t\t\t<div class=\"elementor-widget-container\">\n\t\t\t\t\t\t\t<div class=\"elementor-gallery__container\">\n\t\t\t\t\t\t\t<a class=\"e-gallery-item elementor-gallery-item elementor-animated-content\" href=\"https:\/\/www.empacsolutions.com\/wp-content\/uploads\/2024\/12\/Empac-Solutions-plaque-de-gaufrage-pour-le-luxe.webp\" data-elementor-open-lightbox=\"yes\" data-elementor-lightbox-slideshow=\"f26bc94\" data-elementor-lightbox-title=\"Empac Solutions plaque de gaufrage pour le luxe\" data-e-action-hash=\"#elementor-action%3Aaction%3Dlightbox%26settings%3DeyJpZCI6NTMxLCJ1cmwiOiJodHRwczpcL1wvd3d3LmVtcGFjc29sdXRpb25zLmNvbVwvd3AtY29udGVudFwvdXBsb2Fkc1wvMjAyNFwvMTJcL0VtcGFjLVNvbHV0aW9ucy1wbGFxdWUtZGUtZ2F1ZnJhZ2UtcG91ci1sZS1sdXhlLndlYnAiLCJzbGlkZXNob3ciOiJmMjZiYzk0In0%3D\">\n\t\t\t\t\t<div class=\"e-gallery-image elementor-gallery-item__image\" data-thumbnail=\"https:\/\/www.empacsolutions.com\/wp-content\/uploads\/2024\/12\/Empac-Solutions-plaque-de-gaufrage-pour-le-luxe-257x300.webp\" data-width=\"257\" data-height=\"300\" aria-label=\"Empac Solutions plaque de gaufrage pour le luxe\" role=\"img\" ><\/div>\n\t\t\t\t\t\t\t\t\t\t\t<div class=\"elementor-gallery-item__overlay\"><\/div>\n\t\t\t\t\t\t\t\t\t\t\t\t\t\t\t<div class=\"elementor-gallery-item__content\">\n\t\t\t\t\t\t\t\t\t\t\t\t\t\t<div class=\"elementor-gallery-item__title\">\n\t\t\t\t\t\t\t\t\t\t\t\t\t\t\t\t\t\tEmpac Solutions plaque de gaufrage pour le luxe\t\t\t\t\t\t\t\t<\/div>\n\t\t\t\t\t\t\t\t\t\t\t\t<\/div>\n\t\t\t\t\t\t\t\t\t<\/a>\n\t\t\t\t\t\t\t<a class=\"e-gallery-item elementor-gallery-item elementor-animated-content\" href=\"https:\/\/www.empacsolutions.com\/wp-content\/uploads\/2024\/12\/Empac-Solutions-plaque-de-dorure-pour-le-luxe.webp\" data-elementor-open-lightbox=\"yes\" data-elementor-lightbox-slideshow=\"f26bc94\" data-elementor-lightbox-title=\"Empac Solutions plaque de dorure pour le luxe\" data-e-action-hash=\"#elementor-action%3Aaction%3Dlightbox%26settings%3DeyJpZCI6NTMwLCJ1cmwiOiJodHRwczpcL1wvd3d3LmVtcGFjc29sdXRpb25zLmNvbVwvd3AtY29udGVudFwvdXBsb2Fkc1wvMjAyNFwvMTJcL0VtcGFjLVNvbHV0aW9ucy1wbGFxdWUtZGUtZG9ydXJlLXBvdXItbGUtbHV4ZS53ZWJwIiwic2xpZGVzaG93IjoiZjI2YmM5NCJ9\">\n\t\t\t\t\t<div class=\"e-gallery-image elementor-gallery-item__image\" data-thumbnail=\"https:\/\/www.empacsolutions.com\/wp-content\/uploads\/2024\/12\/Empac-Solutions-plaque-de-dorure-pour-le-luxe-300x273.webp\" data-width=\"300\" data-height=\"273\" aria-label=\"Empac Solutions plaque de dorure pour le luxe\" role=\"img\" ><\/div>\n\t\t\t\t\t\t\t\t\t\t\t<div class=\"elementor-gallery-item__overlay\"><\/div>\n\t\t\t\t\t\t\t\t\t\t\t\t\t\t\t<div class=\"elementor-gallery-item__content\">\n\t\t\t\t\t\t\t\t\t\t\t\t\t\t<div class=\"elementor-gallery-item__title\">\n\t\t\t\t\t\t\t\t\t\t\t\t\t\t\t\t\t\tEmpac Solutions plaque de dorure pour le luxe\t\t\t\t\t\t\t\t<\/div>\n\t\t\t\t\t\t\t\t\t\t\t\t<\/div>\n\t\t\t\t\t\t\t\t\t<\/a>\n\t\t\t\t\t\t\t<a class=\"e-gallery-item elementor-gallery-item elementor-animated-content\" href=\"https:\/\/www.empacsolutions.com\/wp-content\/uploads\/2024\/12\/Empac-Solutions-participe-a-lelaboration-de-packaging-pour-les-maisons-de-spiritueux-de-luxe.webp\" data-elementor-open-lightbox=\"yes\" data-elementor-lightbox-slideshow=\"f26bc94\" data-elementor-lightbox-title=\"Empac Solutions participe \u00e0 l&#039;\u00e9laboration de packaging pour les maisons de spiritueux de luxe\" data-e-action-hash=\"#elementor-action%3Aaction%3Dlightbox%26settings%3DeyJpZCI6NTI5LCJ1cmwiOiJodHRwczpcL1wvd3d3LmVtcGFjc29sdXRpb25zLmNvbVwvd3AtY29udGVudFwvdXBsb2Fkc1wvMjAyNFwvMTJcL0VtcGFjLVNvbHV0aW9ucy1wYXJ0aWNpcGUtYS1sZWxhYm9yYXRpb24tZGUtcGFja2FnaW5nLXBvdXItbGVzLW1haXNvbnMtZGUtc3Bpcml0dWV1eC1kZS1sdXhlLndlYnAiLCJzbGlkZXNob3ciOiJmMjZiYzk0In0%3D\">\n\t\t\t\t\t<div class=\"e-gallery-image elementor-gallery-item__image\" data-thumbnail=\"https:\/\/www.empacsolutions.com\/wp-content\/uploads\/2024\/12\/Empac-Solutions-participe-a-lelaboration-de-packaging-pour-les-maisons-de-spiritueux-de-luxe.webp\" data-width=\"215\" data-height=\"160\" aria-label=\"Empac Solutions participe \u00e0 l&#039;\u00e9laboration de packaging pour les maisons de spiritueux de luxe\" role=\"img\" ><\/div>\n\t\t\t\t\t\t\t\t\t\t\t<div class=\"elementor-gallery-item__overlay\"><\/div>\n\t\t\t\t\t\t\t\t\t\t\t\t\t\t\t<div class=\"elementor-gallery-item__content\">\n\t\t\t\t\t\t\t\t\t\t\t\t\t\t<div class=\"elementor-gallery-item__title\">\n\t\t\t\t\t\t\t\t\t\t\t\t\t\t\t\t\t\tEmpac Solutions participe \u00e0 l'\u00e9laboration de packaging pour les maisons de spiritueux de luxe\t\t\t\t\t\t\t\t<\/div>\n\t\t\t\t\t\t\t\t\t\t\t\t<\/div>\n\t\t\t\t\t\t\t\t\t<\/a>\n\t\t\t\t\t\t\t<a class=\"e-gallery-item elementor-gallery-item elementor-animated-content\" href=\"https:\/\/www.empacsolutions.com\/wp-content\/uploads\/2024\/12\/Empac-Solutions-propose-des-solutions-de-gaufrage-et-de-dorure-pour-le-luxe.webp\" data-elementor-open-lightbox=\"yes\" data-elementor-lightbox-slideshow=\"f26bc94\" data-elementor-lightbox-title=\"Empac Solutions propose des solutions de gaufrage et de dorure pour le luxe\" data-e-action-hash=\"#elementor-action%3Aaction%3Dlightbox%26settings%3DeyJpZCI6NTMyLCJ1cmwiOiJodHRwczpcL1wvd3d3LmVtcGFjc29sdXRpb25zLmNvbVwvd3AtY29udGVudFwvdXBsb2Fkc1wvMjAyNFwvMTJcL0VtcGFjLVNvbHV0aW9ucy1wcm9wb3NlLWRlcy1zb2x1dGlvbnMtZGUtZ2F1ZnJhZ2UtZXQtZGUtZG9ydXJlLXBvdXItbGUtbHV4ZS53ZWJwIiwic2xpZGVzaG93IjoiZjI2YmM5NCJ9\">\n\t\t\t\t\t<div class=\"e-gallery-image elementor-gallery-item__image\" data-thumbnail=\"https:\/\/www.empacsolutions.com\/wp-content\/uploads\/2024\/12\/Empac-Solutions-propose-des-solutions-de-gaufrage-et-de-dorure-pour-le-luxe.webp\" data-width=\"201\" data-height=\"156\" aria-label=\"Empac Solutions propose des solutions de gaufrage et de dorure pour le luxe\" role=\"img\" ><\/div>\n\t\t\t\t\t\t\t\t\t\t\t<div class=\"elementor-gallery-item__overlay\"><\/div>\n\t\t\t\t\t\t\t\t\t\t\t\t\t\t\t<div class=\"elementor-gallery-item__content\">\n\t\t\t\t\t\t\t\t\t\t\t\t\t\t<div class=\"elementor-gallery-item__title\">\n\t\t\t\t\t\t\t\t\t\t\t\t\t\t\t\t\t\tEmpac Solutions propose des solutions de gaufrage et de dorure pour le luxe\t\t\t\t\t\t\t\t<\/div>\n\t\t\t\t\t\t\t\t\t\t\t\t<\/div>\n\t\t\t\t\t\t\t\t\t<\/a>\n\t\t\t\t\t<\/div>\n\t\t\t\t\t<\/div>\n\t\t\t\t<\/div>\n\t\t\t\t\t<\/div>\n\t\t\t\t<\/div>\n\t\t<div class=\"elementor-element elementor-element-06951dd e-con-full e-flex e-con e-parent\" data-id=\"06951dd\" data-element_type=\"container\" data-e-type=\"container\" data-settings=\"{&quot;background_background&quot;:&quot;gradient&quot;}\">\n\t\t\t\t<div class=\"elementor-element elementor-element-44783f6 elementor-widget-divider--view-line elementor-widget elementor-widget-divider\" data-id=\"44783f6\" data-element_type=\"widget\" data-e-type=\"widget\" data-widget_type=\"divider.default\">\n\t\t\t\t<div class=\"elementor-widget-container\">\n\t\t\t\t\t\t\t<div class=\"elementor-divider\">\n\t\t\t<span class=\"elementor-divider-separator\">\n\t\t\t\t\t\t<\/span>\n\t\t<\/div>\n\t\t\t\t\t\t<\/div>\n\t\t\t\t<\/div>\n\t\t\t\t<div class=\"elementor-element elementor-element-ec00155 elementor-widget elementor-widget-heading\" data-id=\"ec00155\" data-element_type=\"widget\" data-e-type=\"widget\" data-widget_type=\"heading.default\">\n\t\t\t\t<div class=\"elementor-widget-container\">\n\t\t\t\t\t<h2 class=\"elementor-heading-title elementor-size-default\">Et si nous parlions<br><b>de votre projet ?<\/b><\/h2>\t\t\t\t<\/div>\n\t\t\t\t<\/div>\n\t\t\t\t<div class=\"elementor-element elementor-element-15d8a37 elementor-align-center elementor-widget elementor-widget-button\" data-id=\"15d8a37\" data-element_type=\"widget\" data-e-type=\"widget\" data-widget_type=\"button.default\">\n\t\t\t\t<div class=\"elementor-widget-container\">\n\t\t\t\t\t\t\t\t\t<div class=\"elementor-button-wrapper\">\n\t\t\t\t\t<a class=\"elementor-button elementor-button-link elementor-size-sm elementor-animation-shrink\" href=\"https:\/\/www.empacsolutions.22h10.com\/contact\/\">\n\t\t\t\t\t\t<span class=\"elementor-button-content-wrapper\">\n\t\t\t\t\t\t\t\t\t<span class=\"elementor-button-text\">Contactez-nous<\/span>\n\t\t\t\t\t<\/span>\n\t\t\t\t\t<\/a>\n\t\t\t\t<\/div>\n\t\t\t\t\t\t\t\t<\/div>\n\t\t\t\t<\/div>\n\t\t\t\t<\/div>\n\t\t\t\t<\/div>\n\t\t","protected":false},"excerpt":{"rendered":"<p>Gaufrageet dorure Empac Solutions propose des solutions techniques de gaufrage pour les clients du luxe. Empac Solutions participe \u00e0 l&rsquo;\u00e9laboration de packaging pour les maisons de spiritueux de luxe Empac Solutions propose des solutions de gaufrage et de dorure pour le luxe Empac Solutions plaque de dorure pour le luxe Empac Solutions plaque de gaufrage [&hellip;]<\/p>\n","protected":false},"author":1,"featured_media":0,"parent":0,"menu_order":0,"comment_status":"closed","ping_status":"closed","template":"","meta":{"footnotes":""},"class_list":["post-527","page","type-page","status-publish","hentry"],"yoast_head":"<!-- This site is optimized with the Yoast SEO plugin v27.5 - https:\/\/yoast.com\/product\/yoast-seo-wordpress\/ -->\n<title>Gaufrage et Dorure - Empac Solutions<\/title>\n<meta name=\"robots\" content=\"index, follow, max-snippet:-1, max-image-preview:large, max-video-preview:-1\" \/>\n<link rel=\"canonical\" href=\"https:\/\/www.empacsolutions.com\/es\/gaufrage-et-dorure\/\" \/>\n<meta property=\"og:locale\" content=\"es_ES\" \/>\n<meta property=\"og:type\" content=\"article\" \/>\n<meta property=\"og:title\" content=\"Gaufrage et Dorure - Empac Solutions\" \/>\n<meta property=\"og:url\" content=\"https:\/\/www.empacsolutions.com\/es\/gaufrage-et-dorure\/\" \/>\n<meta property=\"og:site_name\" content=\"Empac Solutions\" \/>\n<meta property=\"article:publisher\" content=\"https:\/\/www.facebook.com\/empacsolutionssas\" \/>\n<meta property=\"article:modified_time\" content=\"2024-12-02T17:13:04+00:00\" \/>\n<meta property=\"og:image\" content=\"https:\/\/www.empacsolutions.com\/wp-content\/uploads\/2024\/11\/Empac-Solutions-logo_Plan-de-travail-1.webp\" \/>\n\t<meta property=\"og:image:width\" content=\"350\" \/>\n\t<meta property=\"og:image:height\" content=\"100\" \/>\n\t<meta property=\"og:image:type\" content=\"image\/webp\" \/>\n<meta name=\"twitter:card\" content=\"summary_large_image\" \/>\n<script type=\"application\/ld+json\" class=\"yoast-schema-graph\">{\"@context\":\"https:\\\/\\\/schema.org\",\"@graph\":[{\"@type\":\"WebPage\",\"@id\":\"https:\\\/\\\/www.empacsolutions.com\\\/fr_fr\\\/gaufrage-et-dorure\\\/\",\"url\":\"https:\\\/\\\/www.empacsolutions.com\\\/fr_fr\\\/gaufrage-et-dorure\\\/\",\"name\":\"Gaufrage et Dorure - Empac Solutions\",\"isPartOf\":{\"@id\":\"http:\\\/\\\/www.empacsolutions.com\\\/fr_fr\\\/#website\"},\"datePublished\":\"2024-12-02T17:05:21+00:00\",\"dateModified\":\"2024-12-02T17:13:04+00:00\",\"breadcrumb\":{\"@id\":\"https:\\\/\\\/www.empacsolutions.com\\\/fr_fr\\\/gaufrage-et-dorure\\\/#breadcrumb\"},\"inLanguage\":\"es\",\"potentialAction\":[{\"@type\":\"ReadAction\",\"target\":[\"https:\\\/\\\/www.empacsolutions.com\\\/fr_fr\\\/gaufrage-et-dorure\\\/\"]}]},{\"@type\":\"BreadcrumbList\",\"@id\":\"https:\\\/\\\/www.empacsolutions.com\\\/fr_fr\\\/gaufrage-et-dorure\\\/#breadcrumb\",\"itemListElement\":[{\"@type\":\"ListItem\",\"position\":1,\"name\":\"Accueil\",\"item\":\"https:\\\/\\\/www.empacsolutions.com\\\/\"},{\"@type\":\"ListItem\",\"position\":2,\"name\":\"Gaufrage et Dorure\"}]},{\"@type\":\"WebSite\",\"@id\":\"http:\\\/\\\/www.empacsolutions.com\\\/fr_fr\\\/#website\",\"url\":\"http:\\\/\\\/www.empacsolutions.com\\\/fr_fr\\\/\",\"name\":\"Empac Solutions\",\"description\":\"Les outils de d\u00e9coupes de pr\u00e9cision pour l&#039;emballage\",\"publisher\":{\"@id\":\"http:\\\/\\\/www.empacsolutions.com\\\/fr_fr\\\/#organization\"},\"alternateName\":\"le sp\u00e9cialiste de vos syst\u00e8mes de d\u00e9coupes pour l'emballage\",\"potentialAction\":[{\"@type\":\"SearchAction\",\"target\":{\"@type\":\"EntryPoint\",\"urlTemplate\":\"http:\\\/\\\/www.empacsolutions.com\\\/fr_fr\\\/?s={search_term_string}\"},\"query-input\":{\"@type\":\"PropertyValueSpecification\",\"valueRequired\":true,\"valueName\":\"search_term_string\"}}],\"inLanguage\":\"es\"},{\"@type\":\"Organization\",\"@id\":\"http:\\\/\\\/www.empacsolutions.com\\\/fr_fr\\\/#organization\",\"name\":\"Empac Solutions\",\"url\":\"http:\\\/\\\/www.empacsolutions.com\\\/fr_fr\\\/\",\"logo\":{\"@type\":\"ImageObject\",\"inLanguage\":\"es\",\"@id\":\"http:\\\/\\\/www.empacsolutions.com\\\/fr_fr\\\/#\\\/schema\\\/logo\\\/image\\\/\",\"url\":\"https:\\\/\\\/www.empacsolutions.com\\\/wp-content\\\/uploads\\\/2024\\\/11\\\/Empac-Solutions-logo_Plan-de-travail-1.webp\",\"contentUrl\":\"https:\\\/\\\/www.empacsolutions.com\\\/wp-content\\\/uploads\\\/2024\\\/11\\\/Empac-Solutions-logo_Plan-de-travail-1.webp\",\"width\":350,\"height\":100,\"caption\":\"Empac Solutions\"},\"image\":{\"@id\":\"http:\\\/\\\/www.empacsolutions.com\\\/fr_fr\\\/#\\\/schema\\\/logo\\\/image\\\/\"},\"sameAs\":[\"https:\\\/\\\/www.facebook.com\\\/empacsolutionssas\",\"https:\\\/\\\/fr.linkedin.com\\\/company\\\/empac-solutions\",\"https:\\\/\\\/g.co\\\/kgs\\\/KLdFrQV\"]}]}<\/script>\n<!-- \/ Yoast SEO plugin. -->","yoast_head_json":{"title":"Gaufrage et Dorure - Empac Solutions","robots":{"index":"index","follow":"follow","max-snippet":"max-snippet:-1","max-image-preview":"max-image-preview:large","max-video-preview":"max-video-preview:-1"},"canonical":"https:\/\/www.empacsolutions.com\/es\/gaufrage-et-dorure\/","og_locale":"es_ES","og_type":"article","og_title":"Gaufrage et Dorure - Empac Solutions","og_url":"https:\/\/www.empacsolutions.com\/es\/gaufrage-et-dorure\/","og_site_name":"Empac Solutions","article_publisher":"https:\/\/www.facebook.com\/empacsolutionssas","article_modified_time":"2024-12-02T17:13:04+00:00","og_image":[{"width":350,"height":100,"url":"https:\/\/www.empacsolutions.com\/wp-content\/uploads\/2024\/11\/Empac-Solutions-logo_Plan-de-travail-1.webp","type":"image\/webp"}],"twitter_card":"summary_large_image","schema":{"@context":"https:\/\/schema.org","@graph":[{"@type":"WebPage","@id":"https:\/\/www.empacsolutions.com\/fr_fr\/gaufrage-et-dorure\/","url":"https:\/\/www.empacsolutions.com\/fr_fr\/gaufrage-et-dorure\/","name":"Gaufrage et Dorure - Empac Solutions","isPartOf":{"@id":"http:\/\/www.empacsolutions.com\/fr_fr\/#website"},"datePublished":"2024-12-02T17:05:21+00:00","dateModified":"2024-12-02T17:13:04+00:00","breadcrumb":{"@id":"https:\/\/www.empacsolutions.com\/fr_fr\/gaufrage-et-dorure\/#breadcrumb"},"inLanguage":"es","potentialAction":[{"@type":"ReadAction","target":["https:\/\/www.empacsolutions.com\/fr_fr\/gaufrage-et-dorure\/"]}]},{"@type":"BreadcrumbList","@id":"https:\/\/www.empacsolutions.com\/fr_fr\/gaufrage-et-dorure\/#breadcrumb","itemListElement":[{"@type":"ListItem","position":1,"name":"Accueil","item":"https:\/\/www.empacsolutions.com\/"},{"@type":"ListItem","position":2,"name":"Gaufrage et Dorure"}]},{"@type":"WebSite","@id":"http:\/\/www.empacsolutions.com\/fr_fr\/#website","url":"http:\/\/www.empacsolutions.com\/fr_fr\/","name":"Soluciones Empac","description":"Les outils de d\u00e9coupes de pr\u00e9cision pour l&#039;emballage","publisher":{"@id":"http:\/\/www.empacsolutions.com\/fr_fr\/#organization"},"alternateName":"le sp\u00e9cialiste de vos syst\u00e8mes de d\u00e9coupes pour l'emballage","potentialAction":[{"@type":"SearchAction","target":{"@type":"EntryPoint","urlTemplate":"http:\/\/www.empacsolutions.com\/fr_fr\/?s={search_term_string}"},"query-input":{"@type":"PropertyValueSpecification","valueRequired":true,"valueName":"search_term_string"}}],"inLanguage":"es"},{"@type":"Organization","@id":"http:\/\/www.empacsolutions.com\/fr_fr\/#organization","name":"Soluciones Empac","url":"http:\/\/www.empacsolutions.com\/fr_fr\/","logo":{"@type":"ImageObject","inLanguage":"es","@id":"http:\/\/www.empacsolutions.com\/fr_fr\/#\/schema\/logo\/image\/","url":"https:\/\/www.empacsolutions.com\/wp-content\/uploads\/2024\/11\/Empac-Solutions-logo_Plan-de-travail-1.webp","contentUrl":"https:\/\/www.empacsolutions.com\/wp-content\/uploads\/2024\/11\/Empac-Solutions-logo_Plan-de-travail-1.webp","width":350,"height":100,"caption":"Empac Solutions"},"image":{"@id":"http:\/\/www.empacsolutions.com\/fr_fr\/#\/schema\/logo\/image\/"},"sameAs":["https:\/\/www.facebook.com\/empacsolutionssas","https:\/\/fr.linkedin.com\/company\/empac-solutions","https:\/\/g.co\/kgs\/KLdFrQV"]}]}},"_links":{"self":[{"href":"http:\/\/www.empacsolutions.com\/es\/wp-json\/wp\/v2\/pages\/527","targetHints":{"allow":["GET"]}}],"collection":[{"href":"http:\/\/www.empacsolutions.com\/es\/wp-json\/wp\/v2\/pages"}],"about":[{"href":"http:\/\/www.empacsolutions.com\/es\/wp-json\/wp\/v2\/types\/page"}],"author":[{"embeddable":true,"href":"http:\/\/www.empacsolutions.com\/es\/wp-json\/wp\/v2\/users\/1"}],"replies":[{"embeddable":true,"href":"http:\/\/www.empacsolutions.com\/es\/wp-json\/wp\/v2\/comments?post=527"}],"version-history":[{"count":7,"href":"http:\/\/www.empacsolutions.com\/es\/wp-json\/wp\/v2\/pages\/527\/revisions"}],"predecessor-version":[{"id":538,"href":"http:\/\/www.empacsolutions.com\/es\/wp-json\/wp\/v2\/pages\/527\/revisions\/538"}],"wp:attachment":[{"href":"http:\/\/www.empacsolutions.com\/es\/wp-json\/wp\/v2\/media?parent=527"}],"curies":[{"name":"wp","href":"https:\/\/api.w.org\/{rel}","templated":true}]}}