{"id":311,"date":"2024-11-18T20:49:17","date_gmt":"2024-11-18T19:49:17","guid":{"rendered":"https:\/\/www.empacsolutions.22h10.com\/?page_id=311"},"modified":"2024-11-21T16:55:36","modified_gmt":"2024-11-21T15:55:36","slug":"le-carton-ondule","status":"publish","type":"page","link":"http:\/\/www.empacsolutions.com\/fr_fr\/le-carton-ondule\/","title":{"rendered":"le Carton ondul\u00e9"},"content":{"rendered":"\t\t<div data-elementor-type=\"wp-page\" data-elementor-id=\"311\" class=\"elementor elementor-311\" data-elementor-post-type=\"page\">\n\t\t\t\t<div class=\"elementor-element elementor-element-751bca4 e-flex e-con-boxed e-con e-parent\" data-id=\"751bca4\" data-element_type=\"container\" data-e-type=\"container\">\n\t\t\t\t\t<div class=\"e-con-inner\">\n\t\t\t\t<div class=\"elementor-element elementor-element-411377a elementor-widget elementor-widget-spacer\" data-id=\"411377a\" data-element_type=\"widget\" data-e-type=\"widget\" data-widget_type=\"spacer.default\">\n\t\t\t\t<div class=\"elementor-widget-container\">\n\t\t\t\t\t\t\t<div class=\"elementor-spacer\">\n\t\t\t<div class=\"elementor-spacer-inner\"><\/div>\n\t\t<\/div>\n\t\t\t\t\t\t<\/div>\n\t\t\t\t<\/div>\n\t\t\t\t\t<\/div>\n\t\t\t\t<\/div>\n\t\t<div class=\"elementor-element elementor-element-0b9fba0 e-con-full e-flex e-con e-parent\" data-id=\"0b9fba0\" data-element_type=\"container\" data-e-type=\"container\">\n\t\t<div class=\"elementor-element elementor-element-836fc38 e-con-full e-flex e-con e-child\" data-id=\"836fc38\" data-element_type=\"container\" data-e-type=\"container\">\n\t\t\t\t<div class=\"elementor-element elementor-element-61b263d elementor-widget elementor-widget-heading\" data-id=\"61b263d\" data-element_type=\"widget\" data-e-type=\"widget\" data-widget_type=\"heading.default\">\n\t\t\t\t<div class=\"elementor-widget-container\">\n\t\t\t\t\t<h1 class=\"elementor-heading-title elementor-size-default\">pour le<br><b>carton ondul\u00e9<\/b><\/h1>\t\t\t\t<\/div>\n\t\t\t\t<\/div>\n\t\t\t\t<div class=\"elementor-element elementor-element-aeb8929 elementor-widget-divider--view-line elementor-widget elementor-widget-divider\" data-id=\"aeb8929\" data-element_type=\"widget\" data-e-type=\"widget\" data-widget_type=\"divider.default\">\n\t\t\t\t<div class=\"elementor-widget-container\">\n\t\t\t\t\t\t\t<div class=\"elementor-divider\">\n\t\t\t<span class=\"elementor-divider-separator\">\n\t\t\t\t\t\t<\/span>\n\t\t<\/div>\n\t\t\t\t\t\t<\/div>\n\t\t\t\t<\/div>\n\t\t\t\t<div class=\"elementor-element elementor-element-dc1ea02 elementor-widget elementor-widget-text-editor\" data-id=\"dc1ea02\" data-element_type=\"widget\" data-e-type=\"widget\" data-widget_type=\"text-editor.default\">\n\t\t\t\t<div class=\"elementor-widget-container\">\n\t\t\t\t\t\t\t\t\t<p>Empac Solutions fabrique de nombreux outils pour le secteur du carton ondul\u00e9. Empac solutions s&rsquo;adapte la d\u00e9coupe plane mais aussi \u00e0 la d\u00e9coupe rotative.<\/p>\t\t\t\t\t\t\t\t<\/div>\n\t\t\t\t<\/div>\n\t\t\t\t<\/div>\n\t\t<div class=\"elementor-element elementor-element-7a1c5c1 e-con-full e-flex e-con e-child\" data-id=\"7a1c5c1\" data-element_type=\"container\" data-e-type=\"container\" data-settings=\"{&quot;background_background&quot;:&quot;classic&quot;,&quot;background_motion_fx_motion_fx_scrolling&quot;:&quot;yes&quot;,&quot;background_motion_fx_scale_effect&quot;:&quot;yes&quot;,&quot;background_motion_fx_scale_range&quot;:{&quot;unit&quot;:&quot;%&quot;,&quot;size&quot;:&quot;&quot;,&quot;sizes&quot;:{&quot;start&quot;:50,&quot;end&quot;:100}},&quot;background_motion_fx_scale_direction&quot;:&quot;out-in&quot;,&quot;background_motion_fx_scale_speed&quot;:{&quot;unit&quot;:&quot;px&quot;,&quot;size&quot;:4,&quot;sizes&quot;:[]},&quot;background_motion_fx_devices&quot;:[&quot;desktop&quot;,&quot;tablet&quot;,&quot;mobile&quot;]}\">\n\t\t\t\t<\/div>\n\t\t\t\t<\/div>\n\t\t<div class=\"elementor-element elementor-element-4bc808a e-flex e-con-boxed e-con e-parent\" data-id=\"4bc808a\" data-element_type=\"container\" data-e-type=\"container\">\n\t\t\t\t\t<div class=\"e-con-inner\">\n\t\t\t\t<div class=\"elementor-element elementor-element-a584591 elementor-widget elementor-widget-spacer\" data-id=\"a584591\" data-element_type=\"widget\" data-e-type=\"widget\" data-widget_type=\"spacer.default\">\n\t\t\t\t<div class=\"elementor-widget-container\">\n\t\t\t\t\t\t\t<div class=\"elementor-spacer\">\n\t\t\t<div class=\"elementor-spacer-inner\"><\/div>\n\t\t<\/div>\n\t\t\t\t\t\t<\/div>\n\t\t\t\t<\/div>\n\t\t\t\t\t<\/div>\n\t\t\t\t<\/div>\n\t\t<div class=\"elementor-element elementor-element-285004a e-flex e-con-boxed e-con e-parent\" data-id=\"285004a\" data-element_type=\"container\" data-e-type=\"container\">\n\t\t\t\t\t<div class=\"e-con-inner\">\n\t\t<div class=\"elementor-element elementor-element-f131f80 e-con-full e-flex e-con e-child\" data-id=\"f131f80\" data-element_type=\"container\" data-e-type=\"container\">\n\t\t\t\t<div class=\"elementor-element elementor-element-1319019 elementor-invisible elementor-widget elementor-widget-image\" data-id=\"1319019\" data-element_type=\"widget\" data-e-type=\"widget\" data-settings=\"{&quot;_animation&quot;:&quot;fadeInLeft&quot;}\" data-widget_type=\"image.default\">\n\t\t\t\t<div class=\"elementor-widget-container\">\n\t\t\t\t\t\t\t\t\t\t\t\t\t\t\t<img fetchpriority=\"high\" decoding=\"async\" width=\"296\" height=\"189\" src=\"https:\/\/www.empacsolutions.com\/wp-content\/uploads\/2024\/11\/Empac-Solutions-carton-ondule.webp\" class=\"attachment-large size-large wp-image-314\" alt=\"Empac Solutions carton ondul\u00e9\" \/>\t\t\t\t\t\t\t\t\t\t\t\t\t\t\t<\/div>\n\t\t\t\t<\/div>\n\t\t\t\t<div class=\"elementor-element elementor-element-c559c04 elementor-widget elementor-widget-heading\" data-id=\"c559c04\" data-element_type=\"widget\" data-e-type=\"widget\" data-widget_type=\"heading.default\">\n\t\t\t\t<div class=\"elementor-widget-container\">\n\t\t\t\t\t<h3 class=\"elementor-heading-title elementor-size-default\">D\u00e9coupe plane<\/h3>\t\t\t\t<\/div>\n\t\t\t\t<\/div>\n\t\t\t\t<div class=\"elementor-element elementor-element-6eb2797 elementor-widget elementor-widget-text-editor\" data-id=\"6eb2797\" data-element_type=\"widget\" data-e-type=\"widget\" data-widget_type=\"text-editor.default\">\n\t\t\t\t<div class=\"elementor-widget-container\">\n\t\t\t\t\t\t\t\t\t<p>Quelque soit la machine et l&rsquo;exigence du client, nous trouverons une solution technique pour la d\u00e9coupe du carton ondul\u00e9.\u00a0<\/p>\t\t\t\t\t\t\t\t<\/div>\n\t\t\t\t<\/div>\n\t\t\t\t<\/div>\n\t\t<div class=\"elementor-element elementor-element-c196ccd e-con-full e-flex e-con e-child\" data-id=\"c196ccd\" data-element_type=\"container\" data-e-type=\"container\">\n\t\t\t\t<div class=\"elementor-element elementor-element-5f2d49e elementor-invisible elementor-widget elementor-widget-image\" data-id=\"5f2d49e\" data-element_type=\"widget\" data-e-type=\"widget\" data-settings=\"{&quot;_animation&quot;:&quot;fadeInLeft&quot;}\" data-widget_type=\"image.default\">\n\t\t\t\t<div class=\"elementor-widget-container\">\n\t\t\t\t\t\t\t\t\t\t\t\t\t\t\t<img decoding=\"async\" width=\"297\" height=\"184\" src=\"https:\/\/www.empacsolutions.com\/wp-content\/uploads\/2024\/11\/Empac-Solutions-carton-ondule-decoupe-rotative.webp\" class=\"attachment-large size-large wp-image-313\" alt=\"Empac Solutions carton ondul\u00e9 d\u00e9coupe rotative\" \/>\t\t\t\t\t\t\t\t\t\t\t\t\t\t\t<\/div>\n\t\t\t\t<\/div>\n\t\t\t\t<div class=\"elementor-element elementor-element-1669f71 elementor-widget elementor-widget-heading\" data-id=\"1669f71\" data-element_type=\"widget\" data-e-type=\"widget\" data-widget_type=\"heading.default\">\n\t\t\t\t<div class=\"elementor-widget-container\">\n\t\t\t\t\t<h3 class=\"elementor-heading-title elementor-size-default\">D\u00e9coupe rotative<\/h3>\t\t\t\t<\/div>\n\t\t\t\t<\/div>\n\t\t\t\t<div class=\"elementor-element elementor-element-9b5c27a elementor-widget elementor-widget-text-editor\" data-id=\"9b5c27a\" data-element_type=\"widget\" data-e-type=\"widget\" data-widget_type=\"text-editor.default\">\n\t\t\t\t<div class=\"elementor-widget-container\">\n\t\t\t\t\t\t\t\t\t<p>Empac Solutions r\u00e9alise les outils rotatifs tous diam\u00e8tres avec le plus grand soin et notamment un soin particulier sur la pr\u00e9cision dimensionnelle.<\/p>\t\t\t\t\t\t\t\t<\/div>\n\t\t\t\t<\/div>\n\t\t\t\t<\/div>\n\t\t\t\t\t<\/div>\n\t\t\t\t<\/div>\n\t\t<div class=\"elementor-element elementor-element-3ed31e5 e-con-full e-flex e-con e-parent\" data-id=\"3ed31e5\" data-element_type=\"container\" data-e-type=\"container\" data-settings=\"{&quot;background_background&quot;:&quot;gradient&quot;}\">\n\t\t\t\t<div class=\"elementor-element elementor-element-b0c95c0 elementor-widget-divider--view-line elementor-widget elementor-widget-divider\" data-id=\"b0c95c0\" data-element_type=\"widget\" data-e-type=\"widget\" data-widget_type=\"divider.default\">\n\t\t\t\t<div class=\"elementor-widget-container\">\n\t\t\t\t\t\t\t<div class=\"elementor-divider\">\n\t\t\t<span class=\"elementor-divider-separator\">\n\t\t\t\t\t\t<\/span>\n\t\t<\/div>\n\t\t\t\t\t\t<\/div>\n\t\t\t\t<\/div>\n\t\t\t\t<div class=\"elementor-element elementor-element-938b5a3 elementor-widget elementor-widget-heading\" data-id=\"938b5a3\" data-element_type=\"widget\" data-e-type=\"widget\" data-widget_type=\"heading.default\">\n\t\t\t\t<div class=\"elementor-widget-container\">\n\t\t\t\t\t<h2 class=\"elementor-heading-title elementor-size-default\">Et si nous parlions<br><b>de votre projet ?<\/b><\/h2>\t\t\t\t<\/div>\n\t\t\t\t<\/div>\n\t\t\t\t<div class=\"elementor-element elementor-element-3d48863 elementor-align-center elementor-widget elementor-widget-button\" data-id=\"3d48863\" data-element_type=\"widget\" data-e-type=\"widget\" data-widget_type=\"button.default\">\n\t\t\t\t<div class=\"elementor-widget-container\">\n\t\t\t\t\t\t\t\t\t<div class=\"elementor-button-wrapper\">\n\t\t\t\t\t<a class=\"elementor-button elementor-button-link elementor-size-sm elementor-animation-shrink\" href=\"https:\/\/www.empacsolutions.22h10.com\/contact\/\">\n\t\t\t\t\t\t<span class=\"elementor-button-content-wrapper\">\n\t\t\t\t\t\t\t\t\t<span class=\"elementor-button-text\">Contactez-nous<\/span>\n\t\t\t\t\t<\/span>\n\t\t\t\t\t<\/a>\n\t\t\t\t<\/div>\n\t\t\t\t\t\t\t\t<\/div>\n\t\t\t\t<\/div>\n\t\t\t\t<\/div>\n\t\t\t\t<\/div>\n\t\t","protected":false},"excerpt":{"rendered":"<p>pour lecarton ondul\u00e9 Empac Solutions fabrique de nombreux outils pour le secteur du carton ondul\u00e9. Empac solutions s&rsquo;adapte la d\u00e9coupe plane mais aussi \u00e0 la d\u00e9coupe rotative. D\u00e9coupe plane Quelque soit la machine et l&rsquo;exigence du client, nous trouverons une solution technique pour la d\u00e9coupe du carton ondul\u00e9.\u00a0 D\u00e9coupe rotative Empac Solutions r\u00e9alise les outils [&hellip;]<\/p>\n","protected":false},"author":1,"featured_media":0,"parent":0,"menu_order":0,"comment_status":"closed","ping_status":"closed","template":"elementor_header_footer","meta":{"footnotes":""},"class_list":["post-311","page","type-page","status-publish","hentry"],"yoast_head":"<!-- This site is optimized with the Yoast SEO plugin v27.5 - https:\/\/yoast.com\/product\/yoast-seo-wordpress\/ -->\n<title>le Carton ondul\u00e9 - Empac Solutions<\/title>\n<meta name=\"robots\" content=\"index, follow, max-snippet:-1, max-image-preview:large, max-video-preview:-1\" \/>\n<link rel=\"canonical\" href=\"https:\/\/www.empacsolutions.com\/fr_fr\/le-carton-ondule\/\" \/>\n<meta property=\"og:locale\" content=\"fr_FR\" \/>\n<meta property=\"og:type\" content=\"article\" \/>\n<meta property=\"og:title\" content=\"le Carton ondul\u00e9 - Empac Solutions\" \/>\n<meta property=\"og:url\" content=\"https:\/\/www.empacsolutions.com\/fr_fr\/le-carton-ondule\/\" \/>\n<meta property=\"og:site_name\" content=\"Empac Solutions\" \/>\n<meta property=\"article:publisher\" content=\"https:\/\/www.facebook.com\/empacsolutionssas\" \/>\n<meta property=\"article:modified_time\" content=\"2024-11-21T15:55:36+00:00\" \/>\n<meta property=\"og:image\" content=\"https:\/\/www.empacsolutions.22h10.com\/wp-content\/uploads\/2024\/11\/Empac-Solutions-carton-ondule.webp\" \/>\n<meta name=\"twitter:card\" content=\"summary_large_image\" \/>\n<meta name=\"twitter:label1\" content=\"Dur\u00e9e de lecture estim\u00e9e\" \/>\n\t<meta name=\"twitter:data1\" content=\"1 minute\" \/>\n<script type=\"application\/ld+json\" class=\"yoast-schema-graph\">{\"@context\":\"https:\\\/\\\/schema.org\",\"@graph\":[{\"@type\":\"WebPage\",\"@id\":\"https:\\\/\\\/www.empacsolutions.com\\\/fr_fr\\\/le-carton-ondule\\\/\",\"url\":\"https:\\\/\\\/www.empacsolutions.com\\\/fr_fr\\\/le-carton-ondule\\\/\",\"name\":\"le Carton ondul\u00e9 - Empac Solutions\",\"isPartOf\":{\"@id\":\"http:\\\/\\\/www.empacsolutions.com\\\/fr_fr\\\/#website\"},\"primaryImageOfPage\":{\"@id\":\"https:\\\/\\\/www.empacsolutions.com\\\/fr_fr\\\/le-carton-ondule\\\/#primaryimage\"},\"image\":{\"@id\":\"https:\\\/\\\/www.empacsolutions.com\\\/fr_fr\\\/le-carton-ondule\\\/#primaryimage\"},\"thumbnailUrl\":\"https:\\\/\\\/www.empacsolutions.22h10.com\\\/wp-content\\\/uploads\\\/2024\\\/11\\\/Empac-Solutions-carton-ondule.webp\",\"datePublished\":\"2024-11-18T19:49:17+00:00\",\"dateModified\":\"2024-11-21T15:55:36+00:00\",\"breadcrumb\":{\"@id\":\"https:\\\/\\\/www.empacsolutions.com\\\/fr_fr\\\/le-carton-ondule\\\/#breadcrumb\"},\"inLanguage\":\"fr-FR\",\"potentialAction\":[{\"@type\":\"ReadAction\",\"target\":[\"https:\\\/\\\/www.empacsolutions.com\\\/fr_fr\\\/le-carton-ondule\\\/\"]}]},{\"@type\":\"ImageObject\",\"inLanguage\":\"fr-FR\",\"@id\":\"https:\\\/\\\/www.empacsolutions.com\\\/fr_fr\\\/le-carton-ondule\\\/#primaryimage\",\"url\":\"https:\\\/\\\/www.empacsolutions.22h10.com\\\/wp-content\\\/uploads\\\/2024\\\/11\\\/Empac-Solutions-carton-ondule.webp\",\"contentUrl\":\"https:\\\/\\\/www.empacsolutions.22h10.com\\\/wp-content\\\/uploads\\\/2024\\\/11\\\/Empac-Solutions-carton-ondule.webp\"},{\"@type\":\"BreadcrumbList\",\"@id\":\"https:\\\/\\\/www.empacsolutions.com\\\/fr_fr\\\/le-carton-ondule\\\/#breadcrumb\",\"itemListElement\":[{\"@type\":\"ListItem\",\"position\":1,\"name\":\"Accueil\",\"item\":\"https:\\\/\\\/www.empacsolutions.com\\\/\"},{\"@type\":\"ListItem\",\"position\":2,\"name\":\"le Carton ondul\u00e9\"}]},{\"@type\":\"WebSite\",\"@id\":\"http:\\\/\\\/www.empacsolutions.com\\\/fr_fr\\\/#website\",\"url\":\"http:\\\/\\\/www.empacsolutions.com\\\/fr_fr\\\/\",\"name\":\"Empac Solutions\",\"description\":\"Les outils de d\u00e9coupes de pr\u00e9cision pour l&#039;emballage\",\"publisher\":{\"@id\":\"http:\\\/\\\/www.empacsolutions.com\\\/fr_fr\\\/#organization\"},\"alternateName\":\"le sp\u00e9cialiste de vos syst\u00e8mes de d\u00e9coupes pour l'emballage\",\"potentialAction\":[{\"@type\":\"SearchAction\",\"target\":{\"@type\":\"EntryPoint\",\"urlTemplate\":\"http:\\\/\\\/www.empacsolutions.com\\\/fr_fr\\\/?s={search_term_string}\"},\"query-input\":{\"@type\":\"PropertyValueSpecification\",\"valueRequired\":true,\"valueName\":\"search_term_string\"}}],\"inLanguage\":\"fr-FR\"},{\"@type\":\"Organization\",\"@id\":\"http:\\\/\\\/www.empacsolutions.com\\\/fr_fr\\\/#organization\",\"name\":\"Empac Solutions\",\"url\":\"http:\\\/\\\/www.empacsolutions.com\\\/fr_fr\\\/\",\"logo\":{\"@type\":\"ImageObject\",\"inLanguage\":\"fr-FR\",\"@id\":\"http:\\\/\\\/www.empacsolutions.com\\\/fr_fr\\\/#\\\/schema\\\/logo\\\/image\\\/\",\"url\":\"https:\\\/\\\/www.empacsolutions.com\\\/wp-content\\\/uploads\\\/2024\\\/11\\\/Empac-Solutions-logo_Plan-de-travail-1.webp\",\"contentUrl\":\"https:\\\/\\\/www.empacsolutions.com\\\/wp-content\\\/uploads\\\/2024\\\/11\\\/Empac-Solutions-logo_Plan-de-travail-1.webp\",\"width\":350,\"height\":100,\"caption\":\"Empac Solutions\"},\"image\":{\"@id\":\"http:\\\/\\\/www.empacsolutions.com\\\/fr_fr\\\/#\\\/schema\\\/logo\\\/image\\\/\"},\"sameAs\":[\"https:\\\/\\\/www.facebook.com\\\/empacsolutionssas\",\"https:\\\/\\\/fr.linkedin.com\\\/company\\\/empac-solutions\",\"https:\\\/\\\/g.co\\\/kgs\\\/KLdFrQV\"]}]}<\/script>\n<!-- \/ Yoast SEO plugin. -->","yoast_head_json":{"title":"le Carton ondul\u00e9 - Empac Solutions","robots":{"index":"index","follow":"follow","max-snippet":"max-snippet:-1","max-image-preview":"max-image-preview:large","max-video-preview":"max-video-preview:-1"},"canonical":"https:\/\/www.empacsolutions.com\/fr_fr\/le-carton-ondule\/","og_locale":"fr_FR","og_type":"article","og_title":"le Carton ondul\u00e9 - Empac Solutions","og_url":"https:\/\/www.empacsolutions.com\/fr_fr\/le-carton-ondule\/","og_site_name":"Empac Solutions","article_publisher":"https:\/\/www.facebook.com\/empacsolutionssas","article_modified_time":"2024-11-21T15:55:36+00:00","og_image":[{"url":"https:\/\/www.empacsolutions.22h10.com\/wp-content\/uploads\/2024\/11\/Empac-Solutions-carton-ondule.webp","type":"","width":"","height":""}],"twitter_card":"summary_large_image","twitter_misc":{"Dur\u00e9e de lecture estim\u00e9e":"1 minute"},"schema":{"@context":"https:\/\/schema.org","@graph":[{"@type":"WebPage","@id":"https:\/\/www.empacsolutions.com\/fr_fr\/le-carton-ondule\/","url":"https:\/\/www.empacsolutions.com\/fr_fr\/le-carton-ondule\/","name":"le Carton ondul\u00e9 - Empac Solutions","isPartOf":{"@id":"http:\/\/www.empacsolutions.com\/fr_fr\/#website"},"primaryImageOfPage":{"@id":"https:\/\/www.empacsolutions.com\/fr_fr\/le-carton-ondule\/#primaryimage"},"image":{"@id":"https:\/\/www.empacsolutions.com\/fr_fr\/le-carton-ondule\/#primaryimage"},"thumbnailUrl":"https:\/\/www.empacsolutions.22h10.com\/wp-content\/uploads\/2024\/11\/Empac-Solutions-carton-ondule.webp","datePublished":"2024-11-18T19:49:17+00:00","dateModified":"2024-11-21T15:55:36+00:00","breadcrumb":{"@id":"https:\/\/www.empacsolutions.com\/fr_fr\/le-carton-ondule\/#breadcrumb"},"inLanguage":"fr-FR","potentialAction":[{"@type":"ReadAction","target":["https:\/\/www.empacsolutions.com\/fr_fr\/le-carton-ondule\/"]}]},{"@type":"ImageObject","inLanguage":"fr-FR","@id":"https:\/\/www.empacsolutions.com\/fr_fr\/le-carton-ondule\/#primaryimage","url":"https:\/\/www.empacsolutions.22h10.com\/wp-content\/uploads\/2024\/11\/Empac-Solutions-carton-ondule.webp","contentUrl":"https:\/\/www.empacsolutions.22h10.com\/wp-content\/uploads\/2024\/11\/Empac-Solutions-carton-ondule.webp"},{"@type":"BreadcrumbList","@id":"https:\/\/www.empacsolutions.com\/fr_fr\/le-carton-ondule\/#breadcrumb","itemListElement":[{"@type":"ListItem","position":1,"name":"Accueil","item":"https:\/\/www.empacsolutions.com\/"},{"@type":"ListItem","position":2,"name":"le Carton ondul\u00e9"}]},{"@type":"WebSite","@id":"http:\/\/www.empacsolutions.com\/fr_fr\/#website","url":"http:\/\/www.empacsolutions.com\/fr_fr\/","name":"Empac Solutions","description":"Les outils de d\u00e9coupes de pr\u00e9cision pour l&#039;emballage","publisher":{"@id":"http:\/\/www.empacsolutions.com\/fr_fr\/#organization"},"alternateName":"le sp\u00e9cialiste de vos syst\u00e8mes de d\u00e9coupes pour l'emballage","potentialAction":[{"@type":"SearchAction","target":{"@type":"EntryPoint","urlTemplate":"http:\/\/www.empacsolutions.com\/fr_fr\/?s={search_term_string}"},"query-input":{"@type":"PropertyValueSpecification","valueRequired":true,"valueName":"search_term_string"}}],"inLanguage":"fr-FR"},{"@type":"Organization","@id":"http:\/\/www.empacsolutions.com\/fr_fr\/#organization","name":"Empac Solutions","url":"http:\/\/www.empacsolutions.com\/fr_fr\/","logo":{"@type":"ImageObject","inLanguage":"fr-FR","@id":"http:\/\/www.empacsolutions.com\/fr_fr\/#\/schema\/logo\/image\/","url":"https:\/\/www.empacsolutions.com\/wp-content\/uploads\/2024\/11\/Empac-Solutions-logo_Plan-de-travail-1.webp","contentUrl":"https:\/\/www.empacsolutions.com\/wp-content\/uploads\/2024\/11\/Empac-Solutions-logo_Plan-de-travail-1.webp","width":350,"height":100,"caption":"Empac Solutions"},"image":{"@id":"http:\/\/www.empacsolutions.com\/fr_fr\/#\/schema\/logo\/image\/"},"sameAs":["https:\/\/www.facebook.com\/empacsolutionssas","https:\/\/fr.linkedin.com\/company\/empac-solutions","https:\/\/g.co\/kgs\/KLdFrQV"]}]}},"_links":{"self":[{"href":"http:\/\/www.empacsolutions.com\/fr_fr\/wp-json\/wp\/v2\/pages\/311","targetHints":{"allow":["GET"]}}],"collection":[{"href":"http:\/\/www.empacsolutions.com\/fr_fr\/wp-json\/wp\/v2\/pages"}],"about":[{"href":"http:\/\/www.empacsolutions.com\/fr_fr\/wp-json\/wp\/v2\/types\/page"}],"author":[{"embeddable":true,"href":"http:\/\/www.empacsolutions.com\/fr_fr\/wp-json\/wp\/v2\/users\/1"}],"replies":[{"embeddable":true,"href":"http:\/\/www.empacsolutions.com\/fr_fr\/wp-json\/wp\/v2\/comments?post=311"}],"version-history":[{"count":19,"href":"http:\/\/www.empacsolutions.com\/fr_fr\/wp-json\/wp\/v2\/pages\/311\/revisions"}],"predecessor-version":[{"id":388,"href":"http:\/\/www.empacsolutions.com\/fr_fr\/wp-json\/wp\/v2\/pages\/311\/revisions\/388"}],"wp:attachment":[{"href":"http:\/\/www.empacsolutions.com\/fr_fr\/wp-json\/wp\/v2\/media?parent=311"}],"curies":[{"name":"wp","href":"https:\/\/api.w.org\/{rel}","templated":true}]}}