{"id":404,"date":"2024-11-21T17:19:51","date_gmt":"2024-11-21T16:19:51","guid":{"rendered":"https:\/\/www.empacsolutions.22h10.com\/?page_id=404"},"modified":"2024-11-21T17:29:53","modified_gmt":"2024-11-21T16:29:53","slug":"construction-recherche-decoupe-a-facon","status":"publish","type":"page","link":"http:\/\/www.empacsolutions.com\/fr_fr\/construction-recherche-decoupe-a-facon\/","title":{"rendered":"Construction recherche d\u00e9coupe \u00e0 fa\u00e7on"},"content":{"rendered":"\t\t<div data-elementor-type=\"wp-page\" data-elementor-id=\"404\" class=\"elementor elementor-404\" data-elementor-post-type=\"page\">\n\t\t\t\t<div class=\"elementor-element elementor-element-fa8a47e e-flex e-con-boxed e-con e-parent\" data-id=\"fa8a47e\" data-element_type=\"container\" data-e-type=\"container\">\n\t\t\t\t\t<div class=\"e-con-inner\">\n\t\t\t\t<div class=\"elementor-element elementor-element-040db57 elementor-widget elementor-widget-spacer\" data-id=\"040db57\" data-element_type=\"widget\" data-e-type=\"widget\" data-widget_type=\"spacer.default\">\n\t\t\t\t<div class=\"elementor-widget-container\">\n\t\t\t\t\t\t\t<div class=\"elementor-spacer\">\n\t\t\t<div class=\"elementor-spacer-inner\"><\/div>\n\t\t<\/div>\n\t\t\t\t\t\t<\/div>\n\t\t\t\t<\/div>\n\t\t\t\t\t<\/div>\n\t\t\t\t<\/div>\n\t\t<div class=\"elementor-element elementor-element-d3e9070 e-con-full e-flex e-con e-parent\" data-id=\"d3e9070\" data-element_type=\"container\" data-e-type=\"container\">\n\t\t<div class=\"elementor-element elementor-element-9a294c3 e-con-full e-flex e-con e-child\" data-id=\"9a294c3\" data-element_type=\"container\" data-e-type=\"container\">\n\t\t\t\t<div class=\"elementor-element elementor-element-62f7aa5 elementor-widget__width-initial elementor-widget elementor-widget-heading\" data-id=\"62f7aa5\" data-element_type=\"widget\" data-e-type=\"widget\" data-widget_type=\"heading.default\">\n\t\t\t\t<div class=\"elementor-widget-container\">\n\t\t\t\t\t<h1 class=\"elementor-heading-title elementor-size-default\">Recherche<br>construction<br><b>d\u00e9coupe \u00e0 fa\u00e7on<\/b><\/h1>\t\t\t\t<\/div>\n\t\t\t\t<\/div>\n\t\t\t\t<div class=\"elementor-element elementor-element-119a6fd elementor-widget-divider--view-line elementor-widget elementor-widget-divider\" data-id=\"119a6fd\" data-element_type=\"widget\" data-e-type=\"widget\" data-widget_type=\"divider.default\">\n\t\t\t\t<div class=\"elementor-widget-container\">\n\t\t\t\t\t\t\t<div class=\"elementor-divider\">\n\t\t\t<span class=\"elementor-divider-separator\">\n\t\t\t\t\t\t<\/span>\n\t\t<\/div>\n\t\t\t\t\t\t<\/div>\n\t\t\t\t<\/div>\n\t\t\t\t<div class=\"elementor-element elementor-element-6c224c3 elementor-widget elementor-widget-text-editor\" data-id=\"6c224c3\" data-element_type=\"widget\" data-e-type=\"widget\" data-widget_type=\"text-editor.default\">\n\t\t\t\t<div class=\"elementor-widget-container\">\n\t\t\t\t\t\t\t\t\t<p>Empac Solutions accompagne ses clients dans le d\u00e9veloppement de leurs emballages, mais aussi construit et invente les techniques de demain.<\/p>\t\t\t\t\t\t\t\t<\/div>\n\t\t\t\t<\/div>\n\t\t\t\t<\/div>\n\t\t<div class=\"elementor-element elementor-element-ad711ba e-con-full e-flex e-con e-child\" data-id=\"ad711ba\" data-element_type=\"container\" data-e-type=\"container\" data-settings=\"{&quot;background_background&quot;:&quot;classic&quot;,&quot;background_motion_fx_motion_fx_scrolling&quot;:&quot;yes&quot;,&quot;background_motion_fx_scale_effect&quot;:&quot;yes&quot;,&quot;background_motion_fx_scale_range&quot;:{&quot;unit&quot;:&quot;%&quot;,&quot;size&quot;:&quot;&quot;,&quot;sizes&quot;:{&quot;start&quot;:50,&quot;end&quot;:100}},&quot;background_motion_fx_scale_direction&quot;:&quot;out-in&quot;,&quot;background_motion_fx_scale_speed&quot;:{&quot;unit&quot;:&quot;px&quot;,&quot;size&quot;:4,&quot;sizes&quot;:[]},&quot;background_motion_fx_devices&quot;:[&quot;desktop&quot;,&quot;tablet&quot;,&quot;mobile&quot;]}\">\n\t\t\t\t<\/div>\n\t\t\t\t<\/div>\n\t\t<div class=\"elementor-element elementor-element-0597af4 e-flex e-con-boxed e-con e-parent\" data-id=\"0597af4\" data-element_type=\"container\" data-e-type=\"container\">\n\t\t\t\t\t<div class=\"e-con-inner\">\n\t\t\t\t<div class=\"elementor-element elementor-element-cbd8978 elementor-widget elementor-widget-spacer\" data-id=\"cbd8978\" data-element_type=\"widget\" data-e-type=\"widget\" data-widget_type=\"spacer.default\">\n\t\t\t\t<div class=\"elementor-widget-container\">\n\t\t\t\t\t\t\t<div class=\"elementor-spacer\">\n\t\t\t<div class=\"elementor-spacer-inner\"><\/div>\n\t\t<\/div>\n\t\t\t\t\t\t<\/div>\n\t\t\t\t<\/div>\n\t\t\t\t\t<\/div>\n\t\t\t\t<\/div>\n\t\t<div class=\"elementor-element elementor-element-3e9c5b0 e-flex e-con-boxed e-con e-parent\" data-id=\"3e9c5b0\" data-element_type=\"container\" data-e-type=\"container\">\n\t\t\t\t\t<div class=\"e-con-inner\">\n\t\t<div class=\"elementor-element elementor-element-64e3865 e-con-full e-flex e-con e-child\" data-id=\"64e3865\" data-element_type=\"container\" data-e-type=\"container\">\n\t\t\t\t<div class=\"elementor-element elementor-element-a424f5f elementor-invisible elementor-widget elementor-widget-image\" data-id=\"a424f5f\" data-element_type=\"widget\" data-e-type=\"widget\" data-settings=\"{&quot;_animation&quot;:&quot;fadeInLeft&quot;}\" data-widget_type=\"image.default\">\n\t\t\t\t<div class=\"elementor-widget-container\">\n\t\t\t\t\t\t\t\t\t\t\t\t\t\t\t<img fetchpriority=\"high\" decoding=\"async\" width=\"800\" height=\"535\" src=\"https:\/\/www.empacsolutions.com\/wp-content\/uploads\/2024\/11\/Empac-Solutions-recherche-et-developpement-de-vos-packaging-1024x685.webp\" class=\"attachment-large size-large wp-image-105\" alt=\"Empac Solutions et son \u00e9quipe vous accompagne dans l&#039;\u00e9laboration de vos packaging et de vos formes de d\u00e9coupe\" srcset=\"https:\/\/www.empacsolutions.com\/wp-content\/uploads\/2024\/11\/Empac-Solutions-recherche-et-developpement-de-vos-packaging-1024x685.webp 1024w, https:\/\/www.empacsolutions.com\/wp-content\/uploads\/2024\/11\/Empac-Solutions-recherche-et-developpement-de-vos-packaging-300x201.webp 300w, https:\/\/www.empacsolutions.com\/wp-content\/uploads\/2024\/11\/Empac-Solutions-recherche-et-developpement-de-vos-packaging-768x514.webp 768w, https:\/\/www.empacsolutions.com\/wp-content\/uploads\/2024\/11\/Empac-Solutions-recherche-et-developpement-de-vos-packaging-1536x1028.webp 1536w, https:\/\/www.empacsolutions.com\/wp-content\/uploads\/2024\/11\/Empac-Solutions-recherche-et-developpement-de-vos-packaging.webp 1600w\" sizes=\"(max-width: 800px) 100vw, 800px\" \/>\t\t\t\t\t\t\t\t\t\t\t\t\t\t\t<\/div>\n\t\t\t\t<\/div>\n\t\t\t\t<\/div>\n\t\t<div class=\"elementor-element elementor-element-4657222 e-con-full e-flex e-con e-child\" data-id=\"4657222\" data-element_type=\"container\" data-e-type=\"container\">\n\t\t\t\t<div class=\"elementor-element elementor-element-11936e8 elementor-invisible elementor-widget elementor-widget-image\" data-id=\"11936e8\" data-element_type=\"widget\" data-e-type=\"widget\" data-settings=\"{&quot;_animation&quot;:&quot;fadeInLeft&quot;}\" data-widget_type=\"image.default\">\n\t\t\t\t<div class=\"elementor-widget-container\">\n\t\t\t\t\t\t\t\t\t\t\t\t\t\t\t<img decoding=\"async\" width=\"175\" height=\"124\" src=\"https:\/\/www.empacsolutions.com\/wp-content\/uploads\/2024\/11\/Empac-Solutions-bureau-detude-pour-projets.webp\" class=\"attachment-large size-large wp-image-409\" alt=\"Empac Solutions bureau d&#039;\u00e9tude pour projets\" \/>\t\t\t\t\t\t\t\t\t\t\t\t\t\t\t<\/div>\n\t\t\t\t<\/div>\n\t\t\t\t<\/div>\n\t\t<div class=\"elementor-element elementor-element-31e0922 e-con-full e-flex e-con e-child\" data-id=\"31e0922\" data-element_type=\"container\" data-e-type=\"container\">\n\t\t\t\t<div class=\"elementor-element elementor-element-b3ad489 elementor-invisible elementor-widget elementor-widget-image\" data-id=\"b3ad489\" data-element_type=\"widget\" data-e-type=\"widget\" data-settings=\"{&quot;_animation&quot;:&quot;fadeInLeft&quot;}\" data-widget_type=\"image.default\">\n\t\t\t\t<div class=\"elementor-widget-container\">\n\t\t\t\t\t\t\t\t\t\t\t\t\t\t\t<img decoding=\"async\" width=\"175\" height=\"124\" src=\"https:\/\/www.empacsolutions.com\/wp-content\/uploads\/2024\/11\/Empac-Solutions-vis-en-3D.webp\" class=\"attachment-large size-large wp-image-410\" alt=\"Empac Solutions fabrique des pi\u00e8ces \u00e0 fa\u00e7on en 3D pour prototype\" \/>\t\t\t\t\t\t\t\t\t\t\t\t\t\t\t<\/div>\n\t\t\t\t<\/div>\n\t\t\t\t<\/div>\n\t\t\t\t\t<\/div>\n\t\t\t\t<\/div>\n\t\t<div class=\"elementor-element elementor-element-c73a0de e-con-full e-flex e-con e-parent\" data-id=\"c73a0de\" data-element_type=\"container\" data-e-type=\"container\" data-settings=\"{&quot;background_background&quot;:&quot;gradient&quot;}\">\n\t\t\t\t<div class=\"elementor-element elementor-element-1b870a3 elementor-widget-divider--view-line elementor-widget elementor-widget-divider\" data-id=\"1b870a3\" data-element_type=\"widget\" data-e-type=\"widget\" data-widget_type=\"divider.default\">\n\t\t\t\t<div class=\"elementor-widget-container\">\n\t\t\t\t\t\t\t<div class=\"elementor-divider\">\n\t\t\t<span class=\"elementor-divider-separator\">\n\t\t\t\t\t\t<\/span>\n\t\t<\/div>\n\t\t\t\t\t\t<\/div>\n\t\t\t\t<\/div>\n\t\t\t\t<div class=\"elementor-element elementor-element-2a8f6be elementor-widget elementor-widget-heading\" data-id=\"2a8f6be\" data-element_type=\"widget\" data-e-type=\"widget\" data-widget_type=\"heading.default\">\n\t\t\t\t<div class=\"elementor-widget-container\">\n\t\t\t\t\t<h2 class=\"elementor-heading-title elementor-size-default\">Et si nous parlions<br><b>de votre projet ?<\/b><\/h2>\t\t\t\t<\/div>\n\t\t\t\t<\/div>\n\t\t\t\t<div class=\"elementor-element elementor-element-85bd796 elementor-align-center elementor-widget elementor-widget-button\" data-id=\"85bd796\" data-element_type=\"widget\" data-e-type=\"widget\" data-widget_type=\"button.default\">\n\t\t\t\t<div class=\"elementor-widget-container\">\n\t\t\t\t\t\t\t\t\t<div class=\"elementor-button-wrapper\">\n\t\t\t\t\t<a class=\"elementor-button elementor-button-link elementor-size-sm elementor-animation-shrink\" href=\"https:\/\/www.empacsolutions.22h10.com\/contact\/\">\n\t\t\t\t\t\t<span class=\"elementor-button-content-wrapper\">\n\t\t\t\t\t\t\t\t\t<span class=\"elementor-button-text\">Contactez-nous<\/span>\n\t\t\t\t\t<\/span>\n\t\t\t\t\t<\/a>\n\t\t\t\t<\/div>\n\t\t\t\t\t\t\t\t<\/div>\n\t\t\t\t<\/div>\n\t\t\t\t<\/div>\n\t\t\t\t<\/div>\n\t\t","protected":false},"excerpt":{"rendered":"<p>Rechercheconstructiond\u00e9coupe \u00e0 fa\u00e7on Empac Solutions accompagne ses clients dans le d\u00e9veloppement de leurs emballages, mais aussi construit et invente les techniques de demain. Et si nous parlionsde votre projet ? Contactez-nous<\/p>\n","protected":false},"author":1,"featured_media":0,"parent":0,"menu_order":0,"comment_status":"closed","ping_status":"closed","template":"elementor_header_footer","meta":{"footnotes":""},"class_list":["post-404","page","type-page","status-publish","hentry"],"yoast_head":"<!-- This site is optimized with the Yoast SEO plugin v27.5 - https:\/\/yoast.com\/product\/yoast-seo-wordpress\/ -->\n<title>Construction recherche d\u00e9coupe \u00e0 fa\u00e7on - Empac Solutions<\/title>\n<meta name=\"robots\" content=\"index, follow, max-snippet:-1, max-image-preview:large, max-video-preview:-1\" \/>\n<link rel=\"canonical\" href=\"http:\/\/www.empacsolutions.com\/fr_fr\/construction-recherche-decoupe-a-facon\/\" \/>\n<meta property=\"og:locale\" content=\"fr_FR\" \/>\n<meta property=\"og:type\" content=\"article\" \/>\n<meta property=\"og:title\" content=\"Construction recherche d\u00e9coupe \u00e0 fa\u00e7on - Empac Solutions\" \/>\n<meta property=\"og:url\" content=\"http:\/\/www.empacsolutions.com\/fr_fr\/construction-recherche-decoupe-a-facon\/\" \/>\n<meta property=\"og:site_name\" content=\"Empac Solutions\" \/>\n<meta property=\"article:publisher\" content=\"https:\/\/www.facebook.com\/empacsolutionssas\" \/>\n<meta property=\"article:modified_time\" content=\"2024-11-21T16:29:53+00:00\" \/>\n<meta property=\"og:image\" content=\"https:\/\/www.empacsolutions.22h10.com\/wp-content\/uploads\/2024\/11\/Empac-Solutions-recherche-et-developpement-de-vos-packaging-1024x685.webp\" \/>\n<meta name=\"twitter:card\" content=\"summary_large_image\" \/>\n<script type=\"application\/ld+json\" class=\"yoast-schema-graph\">{\"@context\":\"https:\\\/\\\/schema.org\",\"@graph\":[{\"@type\":\"WebPage\",\"@id\":\"http:\\\/\\\/www.empacsolutions.com\\\/fr_fr\\\/construction-recherche-decoupe-a-facon\\\/\",\"url\":\"http:\\\/\\\/www.empacsolutions.com\\\/fr_fr\\\/construction-recherche-decoupe-a-facon\\\/\",\"name\":\"Construction recherche d\u00e9coupe \u00e0 fa\u00e7on - Empac Solutions\",\"isPartOf\":{\"@id\":\"http:\\\/\\\/www.empacsolutions.com\\\/fr_fr\\\/#website\"},\"primaryImageOfPage\":{\"@id\":\"http:\\\/\\\/www.empacsolutions.com\\\/fr_fr\\\/construction-recherche-decoupe-a-facon\\\/#primaryimage\"},\"image\":{\"@id\":\"http:\\\/\\\/www.empacsolutions.com\\\/fr_fr\\\/construction-recherche-decoupe-a-facon\\\/#primaryimage\"},\"thumbnailUrl\":\"https:\\\/\\\/www.empacsolutions.22h10.com\\\/wp-content\\\/uploads\\\/2024\\\/11\\\/Empac-Solutions-recherche-et-developpement-de-vos-packaging-1024x685.webp\",\"datePublished\":\"2024-11-21T16:19:51+00:00\",\"dateModified\":\"2024-11-21T16:29:53+00:00\",\"breadcrumb\":{\"@id\":\"http:\\\/\\\/www.empacsolutions.com\\\/fr_fr\\\/construction-recherche-decoupe-a-facon\\\/#breadcrumb\"},\"inLanguage\":\"fr-FR\",\"potentialAction\":[{\"@type\":\"ReadAction\",\"target\":[\"http:\\\/\\\/www.empacsolutions.com\\\/fr_fr\\\/construction-recherche-decoupe-a-facon\\\/\"]}]},{\"@type\":\"ImageObject\",\"inLanguage\":\"fr-FR\",\"@id\":\"http:\\\/\\\/www.empacsolutions.com\\\/fr_fr\\\/construction-recherche-decoupe-a-facon\\\/#primaryimage\",\"url\":\"https:\\\/\\\/www.empacsolutions.22h10.com\\\/wp-content\\\/uploads\\\/2024\\\/11\\\/Empac-Solutions-recherche-et-developpement-de-vos-packaging-1024x685.webp\",\"contentUrl\":\"https:\\\/\\\/www.empacsolutions.22h10.com\\\/wp-content\\\/uploads\\\/2024\\\/11\\\/Empac-Solutions-recherche-et-developpement-de-vos-packaging-1024x685.webp\"},{\"@type\":\"BreadcrumbList\",\"@id\":\"http:\\\/\\\/www.empacsolutions.com\\\/fr_fr\\\/construction-recherche-decoupe-a-facon\\\/#breadcrumb\",\"itemListElement\":[{\"@type\":\"ListItem\",\"position\":1,\"name\":\"Accueil\",\"item\":\"https:\\\/\\\/www.empacsolutions.com\\\/\"},{\"@type\":\"ListItem\",\"position\":2,\"name\":\"Construction recherche d\u00e9coupe \u00e0 fa\u00e7on\"}]},{\"@type\":\"WebSite\",\"@id\":\"http:\\\/\\\/www.empacsolutions.com\\\/fr_fr\\\/#website\",\"url\":\"http:\\\/\\\/www.empacsolutions.com\\\/fr_fr\\\/\",\"name\":\"Empac Solutions\",\"description\":\"Les outils de d\u00e9coupes de pr\u00e9cision pour l&#039;emballage\",\"publisher\":{\"@id\":\"http:\\\/\\\/www.empacsolutions.com\\\/fr_fr\\\/#organization\"},\"alternateName\":\"le sp\u00e9cialiste de vos syst\u00e8mes de d\u00e9coupes pour l'emballage\",\"potentialAction\":[{\"@type\":\"SearchAction\",\"target\":{\"@type\":\"EntryPoint\",\"urlTemplate\":\"http:\\\/\\\/www.empacsolutions.com\\\/fr_fr\\\/?s={search_term_string}\"},\"query-input\":{\"@type\":\"PropertyValueSpecification\",\"valueRequired\":true,\"valueName\":\"search_term_string\"}}],\"inLanguage\":\"fr-FR\"},{\"@type\":\"Organization\",\"@id\":\"http:\\\/\\\/www.empacsolutions.com\\\/fr_fr\\\/#organization\",\"name\":\"Empac Solutions\",\"url\":\"http:\\\/\\\/www.empacsolutions.com\\\/fr_fr\\\/\",\"logo\":{\"@type\":\"ImageObject\",\"inLanguage\":\"fr-FR\",\"@id\":\"http:\\\/\\\/www.empacsolutions.com\\\/fr_fr\\\/#\\\/schema\\\/logo\\\/image\\\/\",\"url\":\"https:\\\/\\\/www.empacsolutions.com\\\/wp-content\\\/uploads\\\/2024\\\/11\\\/Empac-Solutions-logo_Plan-de-travail-1.webp\",\"contentUrl\":\"https:\\\/\\\/www.empacsolutions.com\\\/wp-content\\\/uploads\\\/2024\\\/11\\\/Empac-Solutions-logo_Plan-de-travail-1.webp\",\"width\":350,\"height\":100,\"caption\":\"Empac Solutions\"},\"image\":{\"@id\":\"http:\\\/\\\/www.empacsolutions.com\\\/fr_fr\\\/#\\\/schema\\\/logo\\\/image\\\/\"},\"sameAs\":[\"https:\\\/\\\/www.facebook.com\\\/empacsolutionssas\",\"https:\\\/\\\/fr.linkedin.com\\\/company\\\/empac-solutions\",\"https:\\\/\\\/g.co\\\/kgs\\\/KLdFrQV\"]}]}<\/script>\n<!-- \/ Yoast SEO plugin. -->","yoast_head_json":{"title":"Construction recherche d\u00e9coupe \u00e0 fa\u00e7on - Empac Solutions","robots":{"index":"index","follow":"follow","max-snippet":"max-snippet:-1","max-image-preview":"max-image-preview:large","max-video-preview":"max-video-preview:-1"},"canonical":"http:\/\/www.empacsolutions.com\/fr_fr\/construction-recherche-decoupe-a-facon\/","og_locale":"fr_FR","og_type":"article","og_title":"Construction recherche d\u00e9coupe \u00e0 fa\u00e7on - Empac Solutions","og_url":"http:\/\/www.empacsolutions.com\/fr_fr\/construction-recherche-decoupe-a-facon\/","og_site_name":"Empac Solutions","article_publisher":"https:\/\/www.facebook.com\/empacsolutionssas","article_modified_time":"2024-11-21T16:29:53+00:00","og_image":[{"url":"https:\/\/www.empacsolutions.22h10.com\/wp-content\/uploads\/2024\/11\/Empac-Solutions-recherche-et-developpement-de-vos-packaging-1024x685.webp","type":"","width":"","height":""}],"twitter_card":"summary_large_image","schema":{"@context":"https:\/\/schema.org","@graph":[{"@type":"WebPage","@id":"http:\/\/www.empacsolutions.com\/fr_fr\/construction-recherche-decoupe-a-facon\/","url":"http:\/\/www.empacsolutions.com\/fr_fr\/construction-recherche-decoupe-a-facon\/","name":"Construction recherche d\u00e9coupe \u00e0 fa\u00e7on - Empac Solutions","isPartOf":{"@id":"http:\/\/www.empacsolutions.com\/fr_fr\/#website"},"primaryImageOfPage":{"@id":"http:\/\/www.empacsolutions.com\/fr_fr\/construction-recherche-decoupe-a-facon\/#primaryimage"},"image":{"@id":"http:\/\/www.empacsolutions.com\/fr_fr\/construction-recherche-decoupe-a-facon\/#primaryimage"},"thumbnailUrl":"https:\/\/www.empacsolutions.22h10.com\/wp-content\/uploads\/2024\/11\/Empac-Solutions-recherche-et-developpement-de-vos-packaging-1024x685.webp","datePublished":"2024-11-21T16:19:51+00:00","dateModified":"2024-11-21T16:29:53+00:00","breadcrumb":{"@id":"http:\/\/www.empacsolutions.com\/fr_fr\/construction-recherche-decoupe-a-facon\/#breadcrumb"},"inLanguage":"fr-FR","potentialAction":[{"@type":"ReadAction","target":["http:\/\/www.empacsolutions.com\/fr_fr\/construction-recherche-decoupe-a-facon\/"]}]},{"@type":"ImageObject","inLanguage":"fr-FR","@id":"http:\/\/www.empacsolutions.com\/fr_fr\/construction-recherche-decoupe-a-facon\/#primaryimage","url":"https:\/\/www.empacsolutions.22h10.com\/wp-content\/uploads\/2024\/11\/Empac-Solutions-recherche-et-developpement-de-vos-packaging-1024x685.webp","contentUrl":"https:\/\/www.empacsolutions.22h10.com\/wp-content\/uploads\/2024\/11\/Empac-Solutions-recherche-et-developpement-de-vos-packaging-1024x685.webp"},{"@type":"BreadcrumbList","@id":"http:\/\/www.empacsolutions.com\/fr_fr\/construction-recherche-decoupe-a-facon\/#breadcrumb","itemListElement":[{"@type":"ListItem","position":1,"name":"Accueil","item":"https:\/\/www.empacsolutions.com\/"},{"@type":"ListItem","position":2,"name":"Construction recherche d\u00e9coupe \u00e0 fa\u00e7on"}]},{"@type":"WebSite","@id":"http:\/\/www.empacsolutions.com\/fr_fr\/#website","url":"http:\/\/www.empacsolutions.com\/fr_fr\/","name":"Empac Solutions","description":"Les outils de d\u00e9coupes de pr\u00e9cision pour l&#039;emballage","publisher":{"@id":"http:\/\/www.empacsolutions.com\/fr_fr\/#organization"},"alternateName":"le sp\u00e9cialiste de vos syst\u00e8mes de d\u00e9coupes pour l'emballage","potentialAction":[{"@type":"SearchAction","target":{"@type":"EntryPoint","urlTemplate":"http:\/\/www.empacsolutions.com\/fr_fr\/?s={search_term_string}"},"query-input":{"@type":"PropertyValueSpecification","valueRequired":true,"valueName":"search_term_string"}}],"inLanguage":"fr-FR"},{"@type":"Organization","@id":"http:\/\/www.empacsolutions.com\/fr_fr\/#organization","name":"Empac Solutions","url":"http:\/\/www.empacsolutions.com\/fr_fr\/","logo":{"@type":"ImageObject","inLanguage":"fr-FR","@id":"http:\/\/www.empacsolutions.com\/fr_fr\/#\/schema\/logo\/image\/","url":"https:\/\/www.empacsolutions.com\/wp-content\/uploads\/2024\/11\/Empac-Solutions-logo_Plan-de-travail-1.webp","contentUrl":"https:\/\/www.empacsolutions.com\/wp-content\/uploads\/2024\/11\/Empac-Solutions-logo_Plan-de-travail-1.webp","width":350,"height":100,"caption":"Empac Solutions"},"image":{"@id":"http:\/\/www.empacsolutions.com\/fr_fr\/#\/schema\/logo\/image\/"},"sameAs":["https:\/\/www.facebook.com\/empacsolutionssas","https:\/\/fr.linkedin.com\/company\/empac-solutions","https:\/\/g.co\/kgs\/KLdFrQV"]}]}},"_links":{"self":[{"href":"http:\/\/www.empacsolutions.com\/fr_fr\/wp-json\/wp\/v2\/pages\/404","targetHints":{"allow":["GET"]}}],"collection":[{"href":"http:\/\/www.empacsolutions.com\/fr_fr\/wp-json\/wp\/v2\/pages"}],"about":[{"href":"http:\/\/www.empacsolutions.com\/fr_fr\/wp-json\/wp\/v2\/types\/page"}],"author":[{"embeddable":true,"href":"http:\/\/www.empacsolutions.com\/fr_fr\/wp-json\/wp\/v2\/users\/1"}],"replies":[{"embeddable":true,"href":"http:\/\/www.empacsolutions.com\/fr_fr\/wp-json\/wp\/v2\/comments?post=404"}],"version-history":[{"count":7,"href":"http:\/\/www.empacsolutions.com\/fr_fr\/wp-json\/wp\/v2\/pages\/404\/revisions"}],"predecessor-version":[{"id":415,"href":"http:\/\/www.empacsolutions.com\/fr_fr\/wp-json\/wp\/v2\/pages\/404\/revisions\/415"}],"wp:attachment":[{"href":"http:\/\/www.empacsolutions.com\/fr_fr\/wp-json\/wp\/v2\/media?parent=404"}],"curies":[{"name":"wp","href":"https:\/\/api.w.org\/{rel}","templated":true}]}}